{"id":107210,"date":"2026-03-10T12:13:11","date_gmt":"2026-03-10T15:13:11","guid":{"rendered":"https:\/\/anacleta.com.ar\/?post_type=product&#038;p=107210"},"modified":"2026-03-10T12:13:11","modified_gmt":"2026-03-10T15:13:11","slug":"cartera-suede-dreams-2","status":"publish","type":"product","link":"https:\/\/anacleta.com.ar\/es_es\/producto\/cartera-suede-dreams-2\/","title":{"rendered":"Cartera Suede Dreams"},"content":{"rendered":"","protected":false},"excerpt":{"rendered":"<p>La cartera Suede Dreams est\u00e1 confeccionada en s\u00edmil gamuza con dise\u00f1o grabado en bajo relieve que combina coraz\u00f3nes y el isologo de la marca. Cuenta con doble manija corta y cadena larga desmontable. Su interior est\u00e1 forrado y posee un bolsillo interno. El acceso principal es mediante cierre met\u00e1lico. Medidas: altura 22cm, ancho 32cm, profundidad 19cm.<\/p>\n","protected":false},"featured_media":107213,"template":"","meta":[],"product_brand":[493],"product_cat":[128],"product_tag":[108],"class_list":{"0":"post-107210","1":"product","2":"type-product","3":"status-publish","4":"has-post-thumbnail","6":"product_brand-kosiuko","7":"product_cat-accesorios","8":"product_tag-kosiuko","10":"first","11":"instock","12":"shipping-taxable","13":"purchasable","14":"product-type-simple"},"_links":{"self":[{"href":"https:\/\/anacleta.com.ar\/es_es\/wp-json\/wp\/v2\/product\/107210","targetHints":{"allow":["GET"]}}],"collection":[{"href":"https:\/\/anacleta.com.ar\/es_es\/wp-json\/wp\/v2\/product"}],"about":[{"href":"https:\/\/anacleta.com.ar\/es_es\/wp-json\/wp\/v2\/types\/product"}],"wp:featuredmedia":[{"embeddable":true,"href":"https:\/\/anacleta.com.ar\/es_es\/wp-json\/wp\/v2\/media\/107213"}],"wp:attachment":[{"href":"https:\/\/anacleta.com.ar\/es_es\/wp-json\/wp\/v2\/media?parent=107210"}],"wp:term":[{"taxonomy":"product_brand","embeddable":true,"href":"https:\/\/anacleta.com.ar\/es_es\/wp-json\/wp\/v2\/product_brand?post=107210"},{"taxonomy":"product_cat","embeddable":true,"href":"https:\/\/anacleta.com.ar\/es_es\/wp-json\/wp\/v2\/product_cat?post=107210"},{"taxonomy":"product_tag","embeddable":true,"href":"https:\/\/anacleta.com.ar\/es_es\/wp-json\/wp\/v2\/product_tag?post=107210"}],"curies":[{"name":"wp","href":"https:\/\/api.w.org\/{rel}","templated":true}]}}