{"id":107215,"date":"2026-03-10T12:17:38","date_gmt":"2026-03-10T15:17:38","guid":{"rendered":"https:\/\/anacleta.com.ar\/?post_type=product&#038;p=107215"},"modified":"2026-03-13T11:19:38","modified_gmt":"2026-03-13T14:19:38","slug":"jeans-richard","status":"publish","type":"product","link":"https:\/\/anacleta.com.ar\/es_es\/producto\/jeans-richard\/","title":{"rendered":"Jeans Richard"},"content":{"rendered":"","protected":false},"excerpt":{"rendered":"<p>El Jean Richard Tapered Leg redefine el denim con un calce moderno: amplio en caderas y muslos, se afina con naturalidad hacia el tobillo logrando una silueta estilizada. Confeccionado en 100% algod\u00f3n, su lavado artesanal potencia la riqueza del \u00edndigo en un azul vibrante. Como detalle diferencial, incorpora un recorte delantero con bolsillos cargo que aportan car\u00e1cter y funcionalidad. In\u00e9s est\u00e1 usando en la prenda superior un talle S, y en la prenda inferior un talle S\/26. Sus medidas son: Altura 1. 75 m. Busto 75 cm. Cintura 65cm. Cadera 90cm.<\/p>\n","protected":false},"featured_media":107222,"template":"","meta":[],"product_brand":[493],"product_cat":[126,134],"product_tag":[108],"class_list":{"0":"post-107215","1":"product","2":"type-product","3":"status-publish","4":"has-post-thumbnail","6":"product_brand-kosiuko","7":"product_cat-denim","8":"product_cat-pantalones","9":"product_tag-kosiuko","11":"first","12":"instock","13":"shipping-taxable","14":"purchasable","15":"product-type-variable"},"_links":{"self":[{"href":"https:\/\/anacleta.com.ar\/es_es\/wp-json\/wp\/v2\/product\/107215","targetHints":{"allow":["GET"]}}],"collection":[{"href":"https:\/\/anacleta.com.ar\/es_es\/wp-json\/wp\/v2\/product"}],"about":[{"href":"https:\/\/anacleta.com.ar\/es_es\/wp-json\/wp\/v2\/types\/product"}],"wp:featuredmedia":[{"embeddable":true,"href":"https:\/\/anacleta.com.ar\/es_es\/wp-json\/wp\/v2\/media\/107222"}],"wp:attachment":[{"href":"https:\/\/anacleta.com.ar\/es_es\/wp-json\/wp\/v2\/media?parent=107215"}],"wp:term":[{"taxonomy":"product_brand","embeddable":true,"href":"https:\/\/anacleta.com.ar\/es_es\/wp-json\/wp\/v2\/product_brand?post=107215"},{"taxonomy":"product_cat","embeddable":true,"href":"https:\/\/anacleta.com.ar\/es_es\/wp-json\/wp\/v2\/product_cat?post=107215"},{"taxonomy":"product_tag","embeddable":true,"href":"https:\/\/anacleta.com.ar\/es_es\/wp-json\/wp\/v2\/product_tag?post=107215"}],"curies":[{"name":"wp","href":"https:\/\/api.w.org\/{rel}","templated":true}]}}