{"id":107224,"date":"2026-03-10T12:27:08","date_gmt":"2026-03-10T15:27:08","guid":{"rendered":"https:\/\/anacleta.com.ar\/?post_type=product&#038;p=107224"},"modified":"2026-03-31T09:39:38","modified_gmt":"2026-03-31T12:39:38","slug":"campera-florence","status":"publish","type":"product","link":"https:\/\/anacleta.com.ar\/es_es\/producto\/campera-florence\/","title":{"rendered":"Campera Florence"},"content":{"rendered":"","protected":false},"excerpt":{"rendered":"<p>La Campera Florence presenta un corte desenfadado y un largo corto, confeccionada en tejido 100% algod\u00f3n. Su exclusivo proceso de lavado artesanal aporta un tono deep blue con delicados efectos graduales. Como detalles distintivos, incorpora un cuello de cuero en color bordo, dos bolsillos de parche laterales y botones joya dorados, dise\u00f1ados especialmente para esta colecci\u00f3n. In\u00e9s est\u00e1 usando en la prenda superior un talle S, y en la prenda inferior un talle S\/26. Sus medidas son: Altura 1. 75 m. Busto 75 cm. Cintura 65cm. Cadera 90cm.<\/p>\n","protected":false},"featured_media":107230,"template":"","meta":[],"product_brand":[493],"product_cat":[126,148],"product_tag":[108],"class_list":{"0":"post-107224","1":"product","2":"type-product","3":"status-publish","4":"has-post-thumbnail","6":"product_brand-kosiuko","7":"product_cat-denim","8":"product_cat-sacos-y-camperas","9":"product_tag-kosiuko","11":"first","12":"instock","13":"shipping-taxable","14":"purchasable","15":"product-type-variable"},"_links":{"self":[{"href":"https:\/\/anacleta.com.ar\/es_es\/wp-json\/wp\/v2\/product\/107224","targetHints":{"allow":["GET"]}}],"collection":[{"href":"https:\/\/anacleta.com.ar\/es_es\/wp-json\/wp\/v2\/product"}],"about":[{"href":"https:\/\/anacleta.com.ar\/es_es\/wp-json\/wp\/v2\/types\/product"}],"wp:featuredmedia":[{"embeddable":true,"href":"https:\/\/anacleta.com.ar\/es_es\/wp-json\/wp\/v2\/media\/107230"}],"wp:attachment":[{"href":"https:\/\/anacleta.com.ar\/es_es\/wp-json\/wp\/v2\/media?parent=107224"}],"wp:term":[{"taxonomy":"product_brand","embeddable":true,"href":"https:\/\/anacleta.com.ar\/es_es\/wp-json\/wp\/v2\/product_brand?post=107224"},{"taxonomy":"product_cat","embeddable":true,"href":"https:\/\/anacleta.com.ar\/es_es\/wp-json\/wp\/v2\/product_cat?post=107224"},{"taxonomy":"product_tag","embeddable":true,"href":"https:\/\/anacleta.com.ar\/es_es\/wp-json\/wp\/v2\/product_tag?post=107224"}],"curies":[{"name":"wp","href":"https:\/\/api.w.org\/{rel}","templated":true}]}}