{"id":107285,"date":"2026-03-10T17:45:13","date_gmt":"2026-03-10T20:45:13","guid":{"rendered":"https:\/\/anacleta.com.ar\/?post_type=product&#038;p=107285"},"modified":"2026-04-01T11:19:42","modified_gmt":"2026-04-01T14:19:42","slug":"remera-locked-crown-2","status":"publish","type":"product","link":"https:\/\/anacleta.com.ar\/es_es\/producto\/remera-locked-crown-2\/","title":{"rendered":"Remera Locked Crown"},"content":{"rendered":"","protected":false},"excerpt":{"rendered":"<p>La remera Locked Crown es de calce slim, cuello redondo, mangas cortas y largo hasta la cadera. Incluye estampa en delantero con arte exclusivo de la colecci\u00f3n con t\u00e9cnica flock. Esta confeccionada en jersey de algod\u00f3n. Miranda est\u00e1 usando en la prenda superior un talle S, y en la prenda inferior un talle S\/26. Sus medidas son: Altura 1.73 m. Busto 77 cm. Cintura 59cm. Cadera 85cm.<\/p>\n","protected":false},"featured_media":107291,"template":"","meta":[],"product_brand":[493],"product_cat":[129],"product_tag":[108],"class_list":{"0":"post-107285","1":"product","2":"type-product","3":"status-publish","4":"has-post-thumbnail","6":"product_brand-kosiuko","7":"product_cat-remeras","8":"product_tag-kosiuko","10":"first","11":"instock","12":"shipping-taxable","13":"purchasable","14":"product-type-variable"},"_links":{"self":[{"href":"https:\/\/anacleta.com.ar\/es_es\/wp-json\/wp\/v2\/product\/107285","targetHints":{"allow":["GET"]}}],"collection":[{"href":"https:\/\/anacleta.com.ar\/es_es\/wp-json\/wp\/v2\/product"}],"about":[{"href":"https:\/\/anacleta.com.ar\/es_es\/wp-json\/wp\/v2\/types\/product"}],"wp:featuredmedia":[{"embeddable":true,"href":"https:\/\/anacleta.com.ar\/es_es\/wp-json\/wp\/v2\/media\/107291"}],"wp:attachment":[{"href":"https:\/\/anacleta.com.ar\/es_es\/wp-json\/wp\/v2\/media?parent=107285"}],"wp:term":[{"taxonomy":"product_brand","embeddable":true,"href":"https:\/\/anacleta.com.ar\/es_es\/wp-json\/wp\/v2\/product_brand?post=107285"},{"taxonomy":"product_cat","embeddable":true,"href":"https:\/\/anacleta.com.ar\/es_es\/wp-json\/wp\/v2\/product_cat?post=107285"},{"taxonomy":"product_tag","embeddable":true,"href":"https:\/\/anacleta.com.ar\/es_es\/wp-json\/wp\/v2\/product_tag?post=107285"}],"curies":[{"name":"wp","href":"https:\/\/api.w.org\/{rel}","templated":true}]}}