{"id":107303,"date":"2026-03-10T17:57:45","date_gmt":"2026-03-10T20:57:45","guid":{"rendered":"https:\/\/anacleta.com.ar\/?post_type=product&#038;p=107303"},"modified":"2026-03-10T17:57:45","modified_gmt":"2026-03-10T20:57:45","slug":"camisa-polka-2","status":"publish","type":"product","link":"https:\/\/anacleta.com.ar\/es_es\/producto\/camisa-polka-2\/","title":{"rendered":"Camisa Polka"},"content":{"rendered":"","protected":false},"excerpt":{"rendered":"<p>La camisa Polka est\u00e1 confeccionada en sat\u00e9n suave al tacto con un exclusivo estampado de nuestra colecci\u00f3n. Tiene calce regular. En el cuello se ubica un lazo y el escote es profundo en v. Su acceso es mediante una cartera con presillas y delicados botones nacarados. sus mangas son voluminosas y fluidas y cuenta con volados y el\u00e1stico en los pu\u00f1os. Miranda est\u00e1 usando en la prenda superior un talle S, y en la prenda inferior un talle S\/26. Sus medidas son: Altura 1.73 m. Busto 77 cm. Cintura 59cm. Cadera 85cm.<\/p>\n","protected":false},"featured_media":107307,"template":"","meta":[],"product_brand":[493],"product_cat":[184],"product_tag":[108],"class_list":{"0":"post-107303","1":"product","2":"type-product","3":"status-publish","4":"has-post-thumbnail","6":"product_brand-kosiuko","7":"product_cat-camisas","8":"product_tag-kosiuko","10":"first","11":"instock","12":"shipping-taxable","13":"purchasable","14":"product-type-variable"},"_links":{"self":[{"href":"https:\/\/anacleta.com.ar\/es_es\/wp-json\/wp\/v2\/product\/107303","targetHints":{"allow":["GET"]}}],"collection":[{"href":"https:\/\/anacleta.com.ar\/es_es\/wp-json\/wp\/v2\/product"}],"about":[{"href":"https:\/\/anacleta.com.ar\/es_es\/wp-json\/wp\/v2\/types\/product"}],"wp:featuredmedia":[{"embeddable":true,"href":"https:\/\/anacleta.com.ar\/es_es\/wp-json\/wp\/v2\/media\/107307"}],"wp:attachment":[{"href":"https:\/\/anacleta.com.ar\/es_es\/wp-json\/wp\/v2\/media?parent=107303"}],"wp:term":[{"taxonomy":"product_brand","embeddable":true,"href":"https:\/\/anacleta.com.ar\/es_es\/wp-json\/wp\/v2\/product_brand?post=107303"},{"taxonomy":"product_cat","embeddable":true,"href":"https:\/\/anacleta.com.ar\/es_es\/wp-json\/wp\/v2\/product_cat?post=107303"},{"taxonomy":"product_tag","embeddable":true,"href":"https:\/\/anacleta.com.ar\/es_es\/wp-json\/wp\/v2\/product_tag?post=107303"}],"curies":[{"name":"wp","href":"https:\/\/api.w.org\/{rel}","templated":true}]}}