{"id":107317,"date":"2026-03-10T18:05:58","date_gmt":"2026-03-10T21:05:58","guid":{"rendered":"https:\/\/anacleta.com.ar\/?post_type=product&#038;p=107317"},"modified":"2026-04-18T10:45:55","modified_gmt":"2026-04-18T13:45:55","slug":"remera-give-a-damn-2","status":"publish","type":"product","link":"https:\/\/anacleta.com.ar\/es_es\/producto\/remera-give-a-damn-2\/","title":{"rendered":"Remera Give A Damn"},"content":{"rendered":"","protected":false},"excerpt":{"rendered":"<p>La remera Give A Damn tiene calce slim, escote redondo, mangas cortas con frunces en la copa, largo hasta la cadera. Est\u00e1 confeccionada en jersey de agodon. Tiene estampa en el delantero exclusiva de la colecci\u00f3n en t\u00e9cnica flock. Miranda est\u00e1 usando en la prenda superior un talle S, y en la prenda inferior un talle S\/26. Sus medidas son: Altura 1.73 m. Busto 77 cm. Cintura 59cm. Cadera 85cm.<\/p>\n","protected":false},"featured_media":107323,"template":"","meta":[],"product_brand":[493],"product_cat":[129],"product_tag":[108],"class_list":{"0":"post-107317","1":"product","2":"type-product","3":"status-publish","4":"has-post-thumbnail","6":"product_brand-kosiuko","7":"product_cat-remeras","8":"product_tag-kosiuko","10":"first","11":"instock","12":"shipping-taxable","13":"purchasable","14":"product-type-variable"},"_links":{"self":[{"href":"https:\/\/anacleta.com.ar\/es_es\/wp-json\/wp\/v2\/product\/107317","targetHints":{"allow":["GET"]}}],"collection":[{"href":"https:\/\/anacleta.com.ar\/es_es\/wp-json\/wp\/v2\/product"}],"about":[{"href":"https:\/\/anacleta.com.ar\/es_es\/wp-json\/wp\/v2\/types\/product"}],"wp:featuredmedia":[{"embeddable":true,"href":"https:\/\/anacleta.com.ar\/es_es\/wp-json\/wp\/v2\/media\/107323"}],"wp:attachment":[{"href":"https:\/\/anacleta.com.ar\/es_es\/wp-json\/wp\/v2\/media?parent=107317"}],"wp:term":[{"taxonomy":"product_brand","embeddable":true,"href":"https:\/\/anacleta.com.ar\/es_es\/wp-json\/wp\/v2\/product_brand?post=107317"},{"taxonomy":"product_cat","embeddable":true,"href":"https:\/\/anacleta.com.ar\/es_es\/wp-json\/wp\/v2\/product_cat?post=107317"},{"taxonomy":"product_tag","embeddable":true,"href":"https:\/\/anacleta.com.ar\/es_es\/wp-json\/wp\/v2\/product_tag?post=107317"}],"curies":[{"name":"wp","href":"https:\/\/api.w.org\/{rel}","templated":true}]}}