{"id":107406,"date":"2026-03-10T19:48:05","date_gmt":"2026-03-10T22:48:05","guid":{"rendered":"https:\/\/anacleta.com.ar\/?post_type=product&#038;p=107406"},"modified":"2026-04-10T12:05:53","modified_gmt":"2026-04-10T15:05:53","slug":"remera-heart-of-iron","status":"publish","type":"product","link":"https:\/\/anacleta.com.ar\/es_es\/producto\/remera-heart-of-iron\/","title":{"rendered":"Remera Heart Of Iron"},"content":{"rendered":"","protected":false},"excerpt":{"rendered":"<p>La remera Heart Of Iron tiene calce regular, cuello tipo v, mangas cortas y largo a la cintura. Tiene estampa exclusiva de la colecci\u00f3n y decorada con tacha hotfix. Esta confeccionada en jersey de algod\u00f3n. Miranda est\u00e1 usando en la prenda superior un talle S, y en la prenda inferior un talle S\/26. Sus medidas son: Altura 1.73 m. Busto 77 cm. Cintura 59cm. Cadera 85cm.<\/p>\n","protected":false},"featured_media":107412,"template":"","meta":[],"product_brand":[493],"product_cat":[129],"product_tag":[108],"class_list":{"0":"post-107406","1":"product","2":"type-product","3":"status-publish","4":"has-post-thumbnail","6":"product_brand-kosiuko","7":"product_cat-remeras","8":"product_tag-kosiuko","10":"first","11":"instock","12":"shipping-taxable","13":"purchasable","14":"product-type-variable"},"_links":{"self":[{"href":"https:\/\/anacleta.com.ar\/es_es\/wp-json\/wp\/v2\/product\/107406","targetHints":{"allow":["GET"]}}],"collection":[{"href":"https:\/\/anacleta.com.ar\/es_es\/wp-json\/wp\/v2\/product"}],"about":[{"href":"https:\/\/anacleta.com.ar\/es_es\/wp-json\/wp\/v2\/types\/product"}],"wp:featuredmedia":[{"embeddable":true,"href":"https:\/\/anacleta.com.ar\/es_es\/wp-json\/wp\/v2\/media\/107412"}],"wp:attachment":[{"href":"https:\/\/anacleta.com.ar\/es_es\/wp-json\/wp\/v2\/media?parent=107406"}],"wp:term":[{"taxonomy":"product_brand","embeddable":true,"href":"https:\/\/anacleta.com.ar\/es_es\/wp-json\/wp\/v2\/product_brand?post=107406"},{"taxonomy":"product_cat","embeddable":true,"href":"https:\/\/anacleta.com.ar\/es_es\/wp-json\/wp\/v2\/product_cat?post=107406"},{"taxonomy":"product_tag","embeddable":true,"href":"https:\/\/anacleta.com.ar\/es_es\/wp-json\/wp\/v2\/product_tag?post=107406"}],"curies":[{"name":"wp","href":"https:\/\/api.w.org\/{rel}","templated":true}]}}