{"id":107485,"date":"2026-03-11T10:23:20","date_gmt":"2026-03-11T13:23:20","guid":{"rendered":"https:\/\/anacleta.com.ar\/?post_type=product&#038;p=107485"},"modified":"2026-03-13T10:35:00","modified_gmt":"2026-03-13T13:35:00","slug":"pantalon-flawless","status":"publish","type":"product","link":"https:\/\/anacleta.com.ar\/es_es\/producto\/pantalon-flawless\/","title":{"rendered":"Pantalon Flawless"},"content":{"rendered":"","protected":false},"excerpt":{"rendered":"<p>El pantal\u00f3n Flawless de calce regular est\u00e1 confeccionado en un tejido premium con algod\u00f3n, y incluye bolsillos en el delantero y un bolsillo plaqu\u00e9 en la espalda. Tiene recortes laterales. Miranda est\u00e1 usando en la prenda superior un talle S, y en la prenda inferior un talle S\/26. Sus medidas son: Altura 1.73 m. Busto 77 cm. Cintura 59cm. Cadera 85cm.<\/p>\n","protected":false},"featured_media":107493,"template":"","meta":[],"product_brand":[493],"product_cat":[134],"product_tag":[108],"class_list":{"0":"post-107485","1":"product","2":"type-product","3":"status-publish","4":"has-post-thumbnail","6":"product_brand-kosiuko","7":"product_cat-pantalones","8":"product_tag-kosiuko","10":"first","11":"instock","12":"shipping-taxable","13":"purchasable","14":"product-type-variable"},"_links":{"self":[{"href":"https:\/\/anacleta.com.ar\/es_es\/wp-json\/wp\/v2\/product\/107485","targetHints":{"allow":["GET"]}}],"collection":[{"href":"https:\/\/anacleta.com.ar\/es_es\/wp-json\/wp\/v2\/product"}],"about":[{"href":"https:\/\/anacleta.com.ar\/es_es\/wp-json\/wp\/v2\/types\/product"}],"wp:featuredmedia":[{"embeddable":true,"href":"https:\/\/anacleta.com.ar\/es_es\/wp-json\/wp\/v2\/media\/107493"}],"wp:attachment":[{"href":"https:\/\/anacleta.com.ar\/es_es\/wp-json\/wp\/v2\/media?parent=107485"}],"wp:term":[{"taxonomy":"product_brand","embeddable":true,"href":"https:\/\/anacleta.com.ar\/es_es\/wp-json\/wp\/v2\/product_brand?post=107485"},{"taxonomy":"product_cat","embeddable":true,"href":"https:\/\/anacleta.com.ar\/es_es\/wp-json\/wp\/v2\/product_cat?post=107485"},{"taxonomy":"product_tag","embeddable":true,"href":"https:\/\/anacleta.com.ar\/es_es\/wp-json\/wp\/v2\/product_tag?post=107485"}],"curies":[{"name":"wp","href":"https:\/\/api.w.org\/{rel}","templated":true}]}}