{"id":107565,"date":"2026-03-11T11:28:26","date_gmt":"2026-03-11T14:28:26","guid":{"rendered":"https:\/\/anacleta.com.ar\/?post_type=product&#038;p=107565"},"modified":"2026-04-30T10:26:16","modified_gmt":"2026-04-30T13:26:16","slug":"medias-kosiuko-dots","status":"publish","type":"product","link":"https:\/\/anacleta.com.ar\/es_es\/producto\/medias-kosiuko-dots\/","title":{"rendered":"Medias Kosiuko Dots"},"content":{"rendered":"","protected":false},"excerpt":{"rendered":"<p>Las medias Kosiuko Dots, de ca\u00f1a media,baja, est\u00e1n confeccionadas en algod\u00f3n. Presentan un dibujo tejido, exclusivo de la colecci\u00f3n, con lunares e isologos a contratono de la base. Llevan inscripci\u00f3n de la marca en la planta.<\/p>\n","protected":false},"featured_media":107566,"template":"","meta":[],"product_brand":[493],"product_cat":[128],"product_tag":[108],"class_list":{"0":"post-107565","1":"product","2":"type-product","3":"status-publish","4":"has-post-thumbnail","6":"product_brand-kosiuko","7":"product_cat-accesorios","8":"product_tag-kosiuko","10":"first","11":"instock","12":"shipping-taxable","13":"purchasable","14":"product-type-simple"},"_links":{"self":[{"href":"https:\/\/anacleta.com.ar\/es_es\/wp-json\/wp\/v2\/product\/107565","targetHints":{"allow":["GET"]}}],"collection":[{"href":"https:\/\/anacleta.com.ar\/es_es\/wp-json\/wp\/v2\/product"}],"about":[{"href":"https:\/\/anacleta.com.ar\/es_es\/wp-json\/wp\/v2\/types\/product"}],"wp:featuredmedia":[{"embeddable":true,"href":"https:\/\/anacleta.com.ar\/es_es\/wp-json\/wp\/v2\/media\/107566"}],"wp:attachment":[{"href":"https:\/\/anacleta.com.ar\/es_es\/wp-json\/wp\/v2\/media?parent=107565"}],"wp:term":[{"taxonomy":"product_brand","embeddable":true,"href":"https:\/\/anacleta.com.ar\/es_es\/wp-json\/wp\/v2\/product_brand?post=107565"},{"taxonomy":"product_cat","embeddable":true,"href":"https:\/\/anacleta.com.ar\/es_es\/wp-json\/wp\/v2\/product_cat?post=107565"},{"taxonomy":"product_tag","embeddable":true,"href":"https:\/\/anacleta.com.ar\/es_es\/wp-json\/wp\/v2\/product_tag?post=107565"}],"curies":[{"name":"wp","href":"https:\/\/api.w.org\/{rel}","templated":true}]}}