{"id":107592,"date":"2026-03-11T12:12:31","date_gmt":"2026-03-11T15:12:31","guid":{"rendered":"https:\/\/anacleta.com.ar\/?post_type=product&#038;p=107592"},"modified":"2026-03-13T10:57:54","modified_gmt":"2026-03-13T13:57:54","slug":"chomba-flicker","status":"publish","type":"product","link":"https:\/\/anacleta.com.ar\/es_es\/producto\/chomba-flicker\/","title":{"rendered":"Chomba Flicker"},"content":{"rendered":"","protected":false},"excerpt":{"rendered":"<p>La chomba Flicker tiene un calce slim, mangas largas y cuello con cartera extendida. Est\u00e1 tejida en morley irregular, con un dise\u00f1o bicolor en l\u00edneas horizontales con efecto degrad\u00e9. In\u00e9s est\u00e1 usando en la prenda superior un talle S, y en la prenda inferior un talle S\/26. Sus medidas son: Altura 1.75 m. Busto 75 cm. Cintura 65cm. Cadera 90cm.<\/p>\n","protected":false},"featured_media":107598,"template":"","meta":[],"product_brand":[493],"product_cat":[129],"product_tag":[108],"class_list":{"0":"post-107592","1":"product","2":"type-product","3":"status-publish","4":"has-post-thumbnail","6":"product_brand-kosiuko","7":"product_cat-remeras","8":"product_tag-kosiuko","10":"first","11":"instock","12":"shipping-taxable","13":"purchasable","14":"product-type-variable"},"_links":{"self":[{"href":"https:\/\/anacleta.com.ar\/es_es\/wp-json\/wp\/v2\/product\/107592","targetHints":{"allow":["GET"]}}],"collection":[{"href":"https:\/\/anacleta.com.ar\/es_es\/wp-json\/wp\/v2\/product"}],"about":[{"href":"https:\/\/anacleta.com.ar\/es_es\/wp-json\/wp\/v2\/types\/product"}],"wp:featuredmedia":[{"embeddable":true,"href":"https:\/\/anacleta.com.ar\/es_es\/wp-json\/wp\/v2\/media\/107598"}],"wp:attachment":[{"href":"https:\/\/anacleta.com.ar\/es_es\/wp-json\/wp\/v2\/media?parent=107592"}],"wp:term":[{"taxonomy":"product_brand","embeddable":true,"href":"https:\/\/anacleta.com.ar\/es_es\/wp-json\/wp\/v2\/product_brand?post=107592"},{"taxonomy":"product_cat","embeddable":true,"href":"https:\/\/anacleta.com.ar\/es_es\/wp-json\/wp\/v2\/product_cat?post=107592"},{"taxonomy":"product_tag","embeddable":true,"href":"https:\/\/anacleta.com.ar\/es_es\/wp-json\/wp\/v2\/product_tag?post=107592"}],"curies":[{"name":"wp","href":"https:\/\/api.w.org\/{rel}","templated":true}]}}