{"id":107599,"date":"2026-03-11T12:17:26","date_gmt":"2026-03-11T15:17:26","guid":{"rendered":"https:\/\/anacleta.com.ar\/?post_type=product&#038;p=107599"},"modified":"2026-03-11T12:17:26","modified_gmt":"2026-03-11T15:17:26","slug":"sweater-pulse","status":"publish","type":"product","link":"https:\/\/anacleta.com.ar\/es_es\/producto\/sweater-pulse\/","title":{"rendered":"Sweater Pulse"},"content":{"rendered":"","protected":false},"excerpt":{"rendered":"<p>El sweater Pulse presenta un calce slim, con cuello redondo a la base y mangas largas. Est\u00e1 tejido en un punto diferencial que incorpora un sutil dise\u00f1o en el delantero. In\u00e9s est\u00e1 usando en la prenda superior un talle S, y en la prenda inferior un talle S\/26. Sus medidas son: Altura 1.75 m. Busto 75 cm. Cintura 65cm. Cadera 90cm.<\/p>\n","protected":false},"featured_media":107603,"template":"","meta":[],"product_brand":[493],"product_cat":[146],"product_tag":[108],"class_list":{"0":"post-107599","1":"product","2":"type-product","3":"status-publish","4":"has-post-thumbnail","6":"product_brand-kosiuko","7":"product_cat-sweaters","8":"product_tag-kosiuko","10":"first","11":"instock","12":"shipping-taxable","13":"purchasable","14":"product-type-variable"},"_links":{"self":[{"href":"https:\/\/anacleta.com.ar\/es_es\/wp-json\/wp\/v2\/product\/107599","targetHints":{"allow":["GET"]}}],"collection":[{"href":"https:\/\/anacleta.com.ar\/es_es\/wp-json\/wp\/v2\/product"}],"about":[{"href":"https:\/\/anacleta.com.ar\/es_es\/wp-json\/wp\/v2\/types\/product"}],"wp:featuredmedia":[{"embeddable":true,"href":"https:\/\/anacleta.com.ar\/es_es\/wp-json\/wp\/v2\/media\/107603"}],"wp:attachment":[{"href":"https:\/\/anacleta.com.ar\/es_es\/wp-json\/wp\/v2\/media?parent=107599"}],"wp:term":[{"taxonomy":"product_brand","embeddable":true,"href":"https:\/\/anacleta.com.ar\/es_es\/wp-json\/wp\/v2\/product_brand?post=107599"},{"taxonomy":"product_cat","embeddable":true,"href":"https:\/\/anacleta.com.ar\/es_es\/wp-json\/wp\/v2\/product_cat?post=107599"},{"taxonomy":"product_tag","embeddable":true,"href":"https:\/\/anacleta.com.ar\/es_es\/wp-json\/wp\/v2\/product_tag?post=107599"}],"curies":[{"name":"wp","href":"https:\/\/api.w.org\/{rel}","templated":true}]}}