{"id":107715,"date":"2026-03-11T18:02:58","date_gmt":"2026-03-11T21:02:58","guid":{"rendered":"https:\/\/anacleta.com.ar\/?post_type=product&#038;p=107715"},"modified":"2026-03-11T18:02:58","modified_gmt":"2026-03-11T21:02:58","slug":"panuelo-gilded-muse","status":"publish","type":"product","link":"https:\/\/anacleta.com.ar\/es_es\/producto\/panuelo-gilded-muse\/","title":{"rendered":"Pa\u00f1uelo Gilded Muse"},"content":{"rendered":"","protected":false},"excerpt":{"rendered":"<p>El pa\u00f1uelo Gilded Muse, est\u00e1 confeccionado en sat\u00e9n con brillo, y lleva est\u00e1mpa exclusiva de est\u00e1 colecci\u00f3n. est\u00e1 customizado con cristales al tono de la flor, en sus dos caras. Presenta av\u00edo marcario sobre el margen. Largo total: 103cm.<\/p>\n","protected":false},"featured_media":107716,"template":"","meta":[],"product_brand":[493],"product_cat":[128],"product_tag":[108],"class_list":{"0":"post-107715","1":"product","2":"type-product","3":"status-publish","4":"has-post-thumbnail","6":"product_brand-kosiuko","7":"product_cat-accesorios","8":"product_tag-kosiuko","10":"first","11":"instock","12":"shipping-taxable","13":"purchasable","14":"product-type-simple"},"_links":{"self":[{"href":"https:\/\/anacleta.com.ar\/es_es\/wp-json\/wp\/v2\/product\/107715","targetHints":{"allow":["GET"]}}],"collection":[{"href":"https:\/\/anacleta.com.ar\/es_es\/wp-json\/wp\/v2\/product"}],"about":[{"href":"https:\/\/anacleta.com.ar\/es_es\/wp-json\/wp\/v2\/types\/product"}],"wp:featuredmedia":[{"embeddable":true,"href":"https:\/\/anacleta.com.ar\/es_es\/wp-json\/wp\/v2\/media\/107716"}],"wp:attachment":[{"href":"https:\/\/anacleta.com.ar\/es_es\/wp-json\/wp\/v2\/media?parent=107715"}],"wp:term":[{"taxonomy":"product_brand","embeddable":true,"href":"https:\/\/anacleta.com.ar\/es_es\/wp-json\/wp\/v2\/product_brand?post=107715"},{"taxonomy":"product_cat","embeddable":true,"href":"https:\/\/anacleta.com.ar\/es_es\/wp-json\/wp\/v2\/product_cat?post=107715"},{"taxonomy":"product_tag","embeddable":true,"href":"https:\/\/anacleta.com.ar\/es_es\/wp-json\/wp\/v2\/product_tag?post=107715"}],"curies":[{"name":"wp","href":"https:\/\/api.w.org\/{rel}","templated":true}]}}