{"id":107721,"date":"2026-03-11T18:08:56","date_gmt":"2026-03-11T21:08:56","guid":{"rendered":"https:\/\/anacleta.com.ar\/?post_type=product&#038;p=107721"},"modified":"2026-03-11T18:08:56","modified_gmt":"2026-03-11T21:08:56","slug":"faja-belong-to-you","status":"publish","type":"product","link":"https:\/\/anacleta.com.ar\/es_es\/producto\/faja-belong-to-you\/","title":{"rendered":"Faja Belong To You"},"content":{"rendered":"","protected":false},"excerpt":{"rendered":"<p>La faja Belong To You est\u00e1 confeccionada artesanalmente en cuero 100% vacuno. Se destaca por su dise\u00f1o con tachas bombe y planas en color n\u00edquel. Medida: ancho 10cm,<\/p>\n","protected":false},"featured_media":107725,"template":"","meta":[],"product_brand":[493],"product_cat":[128],"product_tag":[108],"class_list":{"0":"post-107721","1":"product","2":"type-product","3":"status-publish","4":"has-post-thumbnail","6":"product_brand-kosiuko","7":"product_cat-accesorios","8":"product_tag-kosiuko","10":"first","11":"instock","12":"shipping-taxable","13":"purchasable","14":"product-type-variable"},"_links":{"self":[{"href":"https:\/\/anacleta.com.ar\/es_es\/wp-json\/wp\/v2\/product\/107721","targetHints":{"allow":["GET"]}}],"collection":[{"href":"https:\/\/anacleta.com.ar\/es_es\/wp-json\/wp\/v2\/product"}],"about":[{"href":"https:\/\/anacleta.com.ar\/es_es\/wp-json\/wp\/v2\/types\/product"}],"wp:featuredmedia":[{"embeddable":true,"href":"https:\/\/anacleta.com.ar\/es_es\/wp-json\/wp\/v2\/media\/107725"}],"wp:attachment":[{"href":"https:\/\/anacleta.com.ar\/es_es\/wp-json\/wp\/v2\/media?parent=107721"}],"wp:term":[{"taxonomy":"product_brand","embeddable":true,"href":"https:\/\/anacleta.com.ar\/es_es\/wp-json\/wp\/v2\/product_brand?post=107721"},{"taxonomy":"product_cat","embeddable":true,"href":"https:\/\/anacleta.com.ar\/es_es\/wp-json\/wp\/v2\/product_cat?post=107721"},{"taxonomy":"product_tag","embeddable":true,"href":"https:\/\/anacleta.com.ar\/es_es\/wp-json\/wp\/v2\/product_tag?post=107721"}],"curies":[{"name":"wp","href":"https:\/\/api.w.org\/{rel}","templated":true}]}}