{"id":107770,"date":"2026-03-11T18:51:26","date_gmt":"2026-03-11T21:51:26","guid":{"rendered":"https:\/\/anacleta.com.ar\/?post_type=product&#038;p=107770"},"modified":"2026-03-11T18:51:26","modified_gmt":"2026-03-11T21:51:26","slug":"vestido-ocean-eyes","status":"publish","type":"product","link":"https:\/\/anacleta.com.ar\/es_es\/producto\/vestido-ocean-eyes\/","title":{"rendered":"Vestido Ocean Eyes"},"content":{"rendered":"","protected":false},"excerpt":{"rendered":"<p>El vestido Ocean Eyes de calce femenino y rom\u00e1ntico. Est\u00e1 confeccionado en un encaje color azul petr\u00f3leo. Combina un escote redondo con mangas cortas abullonadas y una falda evas\u00e9 que aporta movimiento y fluidez. Como detalle constructivo, presenta dos broches exclusivos con forma de rosa negra en el delantero, que generan un delicado efecto de pliegues. Miranda est\u00e1 usando en la prenda superior un talle S, y en la prenda inferior un talle S\/26. Sus medidas son: Altura 1.73 m. Busto 77 cm. Cintura 59cm. Cadera 85cm.<\/p>\n","protected":false},"featured_media":107775,"template":"","meta":[],"product_brand":[493],"product_cat":[130],"product_tag":[108],"class_list":{"0":"post-107770","1":"product","2":"type-product","3":"status-publish","4":"has-post-thumbnail","6":"product_brand-kosiuko","7":"product_cat-vestidos-y-faldas","8":"product_tag-kosiuko","10":"first","11":"instock","12":"shipping-taxable","13":"purchasable","14":"product-type-variable"},"_links":{"self":[{"href":"https:\/\/anacleta.com.ar\/es_es\/wp-json\/wp\/v2\/product\/107770","targetHints":{"allow":["GET"]}}],"collection":[{"href":"https:\/\/anacleta.com.ar\/es_es\/wp-json\/wp\/v2\/product"}],"about":[{"href":"https:\/\/anacleta.com.ar\/es_es\/wp-json\/wp\/v2\/types\/product"}],"wp:featuredmedia":[{"embeddable":true,"href":"https:\/\/anacleta.com.ar\/es_es\/wp-json\/wp\/v2\/media\/107775"}],"wp:attachment":[{"href":"https:\/\/anacleta.com.ar\/es_es\/wp-json\/wp\/v2\/media?parent=107770"}],"wp:term":[{"taxonomy":"product_brand","embeddable":true,"href":"https:\/\/anacleta.com.ar\/es_es\/wp-json\/wp\/v2\/product_brand?post=107770"},{"taxonomy":"product_cat","embeddable":true,"href":"https:\/\/anacleta.com.ar\/es_es\/wp-json\/wp\/v2\/product_cat?post=107770"},{"taxonomy":"product_tag","embeddable":true,"href":"https:\/\/anacleta.com.ar\/es_es\/wp-json\/wp\/v2\/product_tag?post=107770"}],"curies":[{"name":"wp","href":"https:\/\/api.w.org\/{rel}","templated":true}]}}