{"id":107777,"date":"2026-03-11T18:55:54","date_gmt":"2026-03-11T21:55:54","guid":{"rendered":"https:\/\/anacleta.com.ar\/?post_type=product&#038;p=107777"},"modified":"2026-03-11T18:55:54","modified_gmt":"2026-03-11T21:55:54","slug":"cinturon-montmartre","status":"publish","type":"product","link":"https:\/\/anacleta.com.ar\/es_es\/producto\/cinturon-montmartre\/","title":{"rendered":"Cinturon Montmartre"},"content":{"rendered":"","protected":false},"excerpt":{"rendered":"<p>El cintur\u00f3n Montmartre est\u00e1 confeccionado en cadena met\u00e1lica decorado con dijes de candados exclusivos de la marca. Su dise\u00f1o vers\u00e1til permite lucirlo tanto sobre prendas b\u00e1sicas como en looks m\u00e1s elaborados. Puede usarse como cintur\u00f3n o como collar, adapt\u00e1ndose a diferentes estilos y ocasiones.<\/p>\n","protected":false},"featured_media":107780,"template":"","meta":[],"product_brand":[493],"product_cat":[128],"product_tag":[108],"class_list":{"0":"post-107777","1":"product","2":"type-product","3":"status-publish","4":"has-post-thumbnail","6":"product_brand-kosiuko","7":"product_cat-accesorios","8":"product_tag-kosiuko","10":"first","11":"instock","12":"shipping-taxable","13":"purchasable","14":"product-type-variable"},"_links":{"self":[{"href":"https:\/\/anacleta.com.ar\/es_es\/wp-json\/wp\/v2\/product\/107777","targetHints":{"allow":["GET"]}}],"collection":[{"href":"https:\/\/anacleta.com.ar\/es_es\/wp-json\/wp\/v2\/product"}],"about":[{"href":"https:\/\/anacleta.com.ar\/es_es\/wp-json\/wp\/v2\/types\/product"}],"wp:featuredmedia":[{"embeddable":true,"href":"https:\/\/anacleta.com.ar\/es_es\/wp-json\/wp\/v2\/media\/107780"}],"wp:attachment":[{"href":"https:\/\/anacleta.com.ar\/es_es\/wp-json\/wp\/v2\/media?parent=107777"}],"wp:term":[{"taxonomy":"product_brand","embeddable":true,"href":"https:\/\/anacleta.com.ar\/es_es\/wp-json\/wp\/v2\/product_brand?post=107777"},{"taxonomy":"product_cat","embeddable":true,"href":"https:\/\/anacleta.com.ar\/es_es\/wp-json\/wp\/v2\/product_cat?post=107777"},{"taxonomy":"product_tag","embeddable":true,"href":"https:\/\/anacleta.com.ar\/es_es\/wp-json\/wp\/v2\/product_tag?post=107777"}],"curies":[{"name":"wp","href":"https:\/\/api.w.org\/{rel}","templated":true}]}}