{"id":107812,"date":"2026-03-11T19:41:25","date_gmt":"2026-03-11T22:41:25","guid":{"rendered":"https:\/\/anacleta.com.ar\/?post_type=product&#038;p=107812"},"modified":"2026-04-27T10:12:48","modified_gmt":"2026-04-27T13:12:48","slug":"panuelo-kosiuko-dots","status":"publish","type":"product","link":"https:\/\/anacleta.com.ar\/es_es\/producto\/panuelo-kosiuko-dots\/","title":{"rendered":"Pa\u00f1uelo Kosiuko Dots"},"content":{"rendered":"","protected":false},"excerpt":{"rendered":"<p>El pa\u00f1uelo Kosiuko Dots, est\u00e1 confeccionado en sat\u00e9n con brillo. Lleva est\u00e1mpa exclusiva de est\u00e1 colecci\u00f3n, con lunares en distintos tonos. Medidas: 60 x 60cm.<\/p>\n","protected":false},"featured_media":107814,"template":"","meta":[],"product_brand":[493],"product_cat":[128],"product_tag":[108],"class_list":{"0":"post-107812","1":"product","2":"type-product","3":"status-publish","4":"has-post-thumbnail","6":"product_brand-kosiuko","7":"product_cat-accesorios","8":"product_tag-kosiuko","10":"first","11":"instock","12":"shipping-taxable","13":"purchasable","14":"product-type-simple"},"_links":{"self":[{"href":"https:\/\/anacleta.com.ar\/es_es\/wp-json\/wp\/v2\/product\/107812","targetHints":{"allow":["GET"]}}],"collection":[{"href":"https:\/\/anacleta.com.ar\/es_es\/wp-json\/wp\/v2\/product"}],"about":[{"href":"https:\/\/anacleta.com.ar\/es_es\/wp-json\/wp\/v2\/types\/product"}],"wp:featuredmedia":[{"embeddable":true,"href":"https:\/\/anacleta.com.ar\/es_es\/wp-json\/wp\/v2\/media\/107814"}],"wp:attachment":[{"href":"https:\/\/anacleta.com.ar\/es_es\/wp-json\/wp\/v2\/media?parent=107812"}],"wp:term":[{"taxonomy":"product_brand","embeddable":true,"href":"https:\/\/anacleta.com.ar\/es_es\/wp-json\/wp\/v2\/product_brand?post=107812"},{"taxonomy":"product_cat","embeddable":true,"href":"https:\/\/anacleta.com.ar\/es_es\/wp-json\/wp\/v2\/product_cat?post=107812"},{"taxonomy":"product_tag","embeddable":true,"href":"https:\/\/anacleta.com.ar\/es_es\/wp-json\/wp\/v2\/product_tag?post=107812"}],"curies":[{"name":"wp","href":"https:\/\/api.w.org\/{rel}","templated":true}]}}