{"id":107877,"date":"2026-03-11T20:20:19","date_gmt":"2026-03-11T23:20:19","guid":{"rendered":"https:\/\/anacleta.com.ar\/?post_type=product&#038;p=107877"},"modified":"2026-04-29T10:01:19","modified_gmt":"2026-04-29T13:01:19","slug":"bufanda-victory","status":"publish","type":"product","link":"https:\/\/anacleta.com.ar\/es_es\/producto\/bufanda-victory\/","title":{"rendered":"Bufanda Victory"},"content":{"rendered":"","protected":false},"excerpt":{"rendered":"<p>La bufanda Victory, tejida en punto ingl\u00e9s y con grifa personalizada. dest\u00e1ca por su amplio tama\u00f1o que permite m\u00faltiples formas de llevarla, siendo ideal para los d\u00edas de invierno. Medidas: 250 X 45 cm.<\/p>\n","protected":false},"featured_media":107878,"template":"","meta":[],"product_brand":[493],"product_cat":[128],"product_tag":[108],"class_list":{"0":"post-107877","1":"product","2":"type-product","3":"status-publish","4":"has-post-thumbnail","6":"product_brand-kosiuko","7":"product_cat-accesorios","8":"product_tag-kosiuko","10":"first","11":"outofstock","12":"shipping-taxable","13":"purchasable","14":"product-type-simple"},"_links":{"self":[{"href":"https:\/\/anacleta.com.ar\/es_es\/wp-json\/wp\/v2\/product\/107877","targetHints":{"allow":["GET"]}}],"collection":[{"href":"https:\/\/anacleta.com.ar\/es_es\/wp-json\/wp\/v2\/product"}],"about":[{"href":"https:\/\/anacleta.com.ar\/es_es\/wp-json\/wp\/v2\/types\/product"}],"wp:featuredmedia":[{"embeddable":true,"href":"https:\/\/anacleta.com.ar\/es_es\/wp-json\/wp\/v2\/media\/107878"}],"wp:attachment":[{"href":"https:\/\/anacleta.com.ar\/es_es\/wp-json\/wp\/v2\/media?parent=107877"}],"wp:term":[{"taxonomy":"product_brand","embeddable":true,"href":"https:\/\/anacleta.com.ar\/es_es\/wp-json\/wp\/v2\/product_brand?post=107877"},{"taxonomy":"product_cat","embeddable":true,"href":"https:\/\/anacleta.com.ar\/es_es\/wp-json\/wp\/v2\/product_cat?post=107877"},{"taxonomy":"product_tag","embeddable":true,"href":"https:\/\/anacleta.com.ar\/es_es\/wp-json\/wp\/v2\/product_tag?post=107877"}],"curies":[{"name":"wp","href":"https:\/\/api.w.org\/{rel}","templated":true}]}}