{"id":107880,"date":"2026-03-11T20:23:07","date_gmt":"2026-03-11T23:23:07","guid":{"rendered":"https:\/\/anacleta.com.ar\/?post_type=product&#038;p=107880"},"modified":"2026-03-11T20:23:07","modified_gmt":"2026-03-11T23:23:07","slug":"bufanda-victory-2","status":"publish","type":"product","link":"https:\/\/anacleta.com.ar\/es_es\/producto\/bufanda-victory-2\/","title":{"rendered":"Bufanda Victory"},"content":{"rendered":"","protected":false},"excerpt":{"rendered":"<p>La bufanda Victory, tejida en punto ingl\u00e9s y con grifa personalizada. dest\u00e1ca por su amplio tama\u00f1o que permite m\u00faltiples formas de llevarla, siendo ideal para los d\u00edas de invierno. Medidas: 250 X 45 cm.<\/p>\n","protected":false},"featured_media":107881,"template":"","meta":[],"product_brand":[493],"product_cat":[128],"product_tag":[108],"class_list":{"0":"post-107880","1":"product","2":"type-product","3":"status-publish","4":"has-post-thumbnail","6":"product_brand-kosiuko","7":"product_cat-accesorios","8":"product_tag-kosiuko","10":"first","11":"instock","12":"shipping-taxable","13":"purchasable","14":"product-type-simple"},"_links":{"self":[{"href":"https:\/\/anacleta.com.ar\/es_es\/wp-json\/wp\/v2\/product\/107880","targetHints":{"allow":["GET"]}}],"collection":[{"href":"https:\/\/anacleta.com.ar\/es_es\/wp-json\/wp\/v2\/product"}],"about":[{"href":"https:\/\/anacleta.com.ar\/es_es\/wp-json\/wp\/v2\/types\/product"}],"wp:featuredmedia":[{"embeddable":true,"href":"https:\/\/anacleta.com.ar\/es_es\/wp-json\/wp\/v2\/media\/107881"}],"wp:attachment":[{"href":"https:\/\/anacleta.com.ar\/es_es\/wp-json\/wp\/v2\/media?parent=107880"}],"wp:term":[{"taxonomy":"product_brand","embeddable":true,"href":"https:\/\/anacleta.com.ar\/es_es\/wp-json\/wp\/v2\/product_brand?post=107880"},{"taxonomy":"product_cat","embeddable":true,"href":"https:\/\/anacleta.com.ar\/es_es\/wp-json\/wp\/v2\/product_cat?post=107880"},{"taxonomy":"product_tag","embeddable":true,"href":"https:\/\/anacleta.com.ar\/es_es\/wp-json\/wp\/v2\/product_tag?post=107880"}],"curies":[{"name":"wp","href":"https:\/\/api.w.org\/{rel}","templated":true}]}}