{"id":107912,"date":"2026-03-11T20:46:23","date_gmt":"2026-03-11T23:46:23","guid":{"rendered":"https:\/\/anacleta.com.ar\/?post_type=product&#038;p=107912"},"modified":"2026-04-30T10:47:17","modified_gmt":"2026-04-30T13:47:17","slug":"sweater-reloaded-2","status":"publish","type":"product","link":"https:\/\/anacleta.com.ar\/es_es\/producto\/sweater-reloaded-2\/","title":{"rendered":"Sweater Reloaded"},"content":{"rendered":"","protected":false},"excerpt":{"rendered":"<p>El sweater Reloaded tiene un calce relajado, con cuello redondo, hombros ca\u00eddos y tajos laterales. Est\u00e1 tejido en jersey y presenta un detalle de jacquard en el delantero, con hilado texturizado y l\u00farex. Miranda est\u00e1 usando en la prenda superior un talle S, y en la prenda inferior un talle S\/26. Sus medidas son: Altura 1.73 m. Busto 77 cm. Cintura 59cm. Cadera 85cm.<\/p>\n","protected":false},"featured_media":107916,"template":"","meta":[],"product_brand":[493],"product_cat":[146],"product_tag":[108],"class_list":{"0":"post-107912","1":"product","2":"type-product","3":"status-publish","4":"has-post-thumbnail","6":"product_brand-kosiuko","7":"product_cat-sweaters","8":"product_tag-kosiuko","10":"first","11":"outofstock","12":"shipping-taxable","13":"product-type-variable"},"_links":{"self":[{"href":"https:\/\/anacleta.com.ar\/es_es\/wp-json\/wp\/v2\/product\/107912","targetHints":{"allow":["GET"]}}],"collection":[{"href":"https:\/\/anacleta.com.ar\/es_es\/wp-json\/wp\/v2\/product"}],"about":[{"href":"https:\/\/anacleta.com.ar\/es_es\/wp-json\/wp\/v2\/types\/product"}],"wp:featuredmedia":[{"embeddable":true,"href":"https:\/\/anacleta.com.ar\/es_es\/wp-json\/wp\/v2\/media\/107916"}],"wp:attachment":[{"href":"https:\/\/anacleta.com.ar\/es_es\/wp-json\/wp\/v2\/media?parent=107912"}],"wp:term":[{"taxonomy":"product_brand","embeddable":true,"href":"https:\/\/anacleta.com.ar\/es_es\/wp-json\/wp\/v2\/product_brand?post=107912"},{"taxonomy":"product_cat","embeddable":true,"href":"https:\/\/anacleta.com.ar\/es_es\/wp-json\/wp\/v2\/product_cat?post=107912"},{"taxonomy":"product_tag","embeddable":true,"href":"https:\/\/anacleta.com.ar\/es_es\/wp-json\/wp\/v2\/product_tag?post=107912"}],"curies":[{"name":"wp","href":"https:\/\/api.w.org\/{rel}","templated":true}]}}