{"id":107936,"date":"2026-03-12T10:06:08","date_gmt":"2026-03-12T13:06:08","guid":{"rendered":"https:\/\/anacleta.com.ar\/?post_type=product&#038;p=107936"},"modified":"2026-05-02T11:38:32","modified_gmt":"2026-05-02T14:38:32","slug":"camisa-raw-club","status":"publish","type":"product","link":"https:\/\/anacleta.com.ar\/es_es\/producto\/camisa-raw-club\/","title":{"rendered":"Camisa Raw Club"},"content":{"rendered":"","protected":false},"excerpt":{"rendered":"<p>La camisa Raw Club est\u00e1 confeccionada en un tejido camisero rayado. Presenta un calce regular y cuenta con un bordado en el lateral izquierdo que identifica a la marca. Posee pu\u00f1os, per\u00edmetros irregulares. Incluye una corbata realizada en el mismo tejido. In\u00e9s est\u00e1 usando en la prenda superior un talle S, y en la prenda inferior un talle S\/26. Sus medidas son: Altura 1.75 m. Busto 75 cm. Cintura 65cm. Cadera 90cm.<\/p>\n","protected":false},"featured_media":107941,"template":"","meta":[],"product_brand":[493],"product_cat":[184],"product_tag":[108],"class_list":{"0":"post-107936","1":"product","2":"type-product","3":"status-publish","4":"has-post-thumbnail","6":"product_brand-kosiuko","7":"product_cat-camisas","8":"product_tag-kosiuko","10":"first","11":"instock","12":"shipping-taxable","13":"purchasable","14":"product-type-variable"},"_links":{"self":[{"href":"https:\/\/anacleta.com.ar\/es_es\/wp-json\/wp\/v2\/product\/107936","targetHints":{"allow":["GET"]}}],"collection":[{"href":"https:\/\/anacleta.com.ar\/es_es\/wp-json\/wp\/v2\/product"}],"about":[{"href":"https:\/\/anacleta.com.ar\/es_es\/wp-json\/wp\/v2\/types\/product"}],"wp:featuredmedia":[{"embeddable":true,"href":"https:\/\/anacleta.com.ar\/es_es\/wp-json\/wp\/v2\/media\/107941"}],"wp:attachment":[{"href":"https:\/\/anacleta.com.ar\/es_es\/wp-json\/wp\/v2\/media?parent=107936"}],"wp:term":[{"taxonomy":"product_brand","embeddable":true,"href":"https:\/\/anacleta.com.ar\/es_es\/wp-json\/wp\/v2\/product_brand?post=107936"},{"taxonomy":"product_cat","embeddable":true,"href":"https:\/\/anacleta.com.ar\/es_es\/wp-json\/wp\/v2\/product_cat?post=107936"},{"taxonomy":"product_tag","embeddable":true,"href":"https:\/\/anacleta.com.ar\/es_es\/wp-json\/wp\/v2\/product_tag?post=107936"}],"curies":[{"name":"wp","href":"https:\/\/api.w.org\/{rel}","templated":true}]}}