{"id":107964,"date":"2026-03-12T10:22:58","date_gmt":"2026-03-12T13:22:58","guid":{"rendered":"https:\/\/anacleta.com.ar\/?post_type=product&#038;p=107964"},"modified":"2026-03-13T11:29:24","modified_gmt":"2026-03-13T14:29:24","slug":"bomber-combat-flight-2","status":"publish","type":"product","link":"https:\/\/anacleta.com.ar\/es_es\/producto\/bomber-combat-flight-2\/","title":{"rendered":"Bomber Combat Flight"},"content":{"rendered":"","protected":false},"excerpt":{"rendered":"<p>La bomber Combat Flight tiene calce regular y largo a la cintura. Presenta cuello amplio con piel sint\u00e9tica, cierre frontal con av\u00edos personalizados de la marca y solapa con botones. Cuenta con bolsillos laterales, pu\u00f1os y cintura de rib. Un bolsillo con cierre en la manga completa su estilo utilitario y moderno. In\u00e9s est\u00e1 usando en la prenda superior un talle S, y en la prenda inferior un talle S\/26. Sus medidas son: Altura 1.75 m. Busto 75 cm. Cintura 65cm. Cadera 90cm.<\/p>\n","protected":false},"featured_media":107967,"template":"","meta":[],"product_brand":[493],"product_cat":[148],"product_tag":[108],"class_list":{"0":"post-107964","1":"product","2":"type-product","3":"status-publish","4":"has-post-thumbnail","6":"product_brand-kosiuko","7":"product_cat-sacos-y-camperas","8":"product_tag-kosiuko","10":"first","11":"instock","12":"shipping-taxable","13":"purchasable","14":"product-type-variable"},"_links":{"self":[{"href":"https:\/\/anacleta.com.ar\/es_es\/wp-json\/wp\/v2\/product\/107964","targetHints":{"allow":["GET"]}}],"collection":[{"href":"https:\/\/anacleta.com.ar\/es_es\/wp-json\/wp\/v2\/product"}],"about":[{"href":"https:\/\/anacleta.com.ar\/es_es\/wp-json\/wp\/v2\/types\/product"}],"wp:featuredmedia":[{"embeddable":true,"href":"https:\/\/anacleta.com.ar\/es_es\/wp-json\/wp\/v2\/media\/107967"}],"wp:attachment":[{"href":"https:\/\/anacleta.com.ar\/es_es\/wp-json\/wp\/v2\/media?parent=107964"}],"wp:term":[{"taxonomy":"product_brand","embeddable":true,"href":"https:\/\/anacleta.com.ar\/es_es\/wp-json\/wp\/v2\/product_brand?post=107964"},{"taxonomy":"product_cat","embeddable":true,"href":"https:\/\/anacleta.com.ar\/es_es\/wp-json\/wp\/v2\/product_cat?post=107964"},{"taxonomy":"product_tag","embeddable":true,"href":"https:\/\/anacleta.com.ar\/es_es\/wp-json\/wp\/v2\/product_tag?post=107964"}],"curies":[{"name":"wp","href":"https:\/\/api.w.org\/{rel}","templated":true}]}}