{"id":107971,"date":"2026-03-12T10:27:44","date_gmt":"2026-03-12T13:27:44","guid":{"rendered":"https:\/\/anacleta.com.ar\/?post_type=product&#038;p=107971"},"modified":"2026-03-12T10:27:44","modified_gmt":"2026-03-12T13:27:44","slug":"chaleco-combat-flight","status":"publish","type":"product","link":"https:\/\/anacleta.com.ar\/es_es\/producto\/chaleco-combat-flight\/","title":{"rendered":"Chaleco Combat Flight"},"content":{"rendered":"","protected":false},"excerpt":{"rendered":"<p>El chaleco Combat Flight es de calce regular y largo a la cintura. Presenta cuello amplio con piel sint\u00e9tica. Tiene un cierre frontal con av\u00edo personalizados de la marca. Cuenta con bolsillos laterales, pu\u00f1os y cintura de rib. Miranda est\u00e1 usando en la prenda superior un talle S, y en la prenda inferior un talle S\/26. Sus medidas son: Altura 1.73 m. Busto 77 cm. Cintura 59cm. Cadera 85cm.<\/p>\n","protected":false},"featured_media":107974,"template":"","meta":[],"product_brand":[493],"product_cat":[148],"product_tag":[108],"class_list":{"0":"post-107971","1":"product","2":"type-product","3":"status-publish","4":"has-post-thumbnail","6":"product_brand-kosiuko","7":"product_cat-sacos-y-camperas","8":"product_tag-kosiuko","10":"first","11":"instock","12":"shipping-taxable","13":"purchasable","14":"product-type-variable"},"_links":{"self":[{"href":"https:\/\/anacleta.com.ar\/es_es\/wp-json\/wp\/v2\/product\/107971","targetHints":{"allow":["GET"]}}],"collection":[{"href":"https:\/\/anacleta.com.ar\/es_es\/wp-json\/wp\/v2\/product"}],"about":[{"href":"https:\/\/anacleta.com.ar\/es_es\/wp-json\/wp\/v2\/types\/product"}],"wp:featuredmedia":[{"embeddable":true,"href":"https:\/\/anacleta.com.ar\/es_es\/wp-json\/wp\/v2\/media\/107974"}],"wp:attachment":[{"href":"https:\/\/anacleta.com.ar\/es_es\/wp-json\/wp\/v2\/media?parent=107971"}],"wp:term":[{"taxonomy":"product_brand","embeddable":true,"href":"https:\/\/anacleta.com.ar\/es_es\/wp-json\/wp\/v2\/product_brand?post=107971"},{"taxonomy":"product_cat","embeddable":true,"href":"https:\/\/anacleta.com.ar\/es_es\/wp-json\/wp\/v2\/product_cat?post=107971"},{"taxonomy":"product_tag","embeddable":true,"href":"https:\/\/anacleta.com.ar\/es_es\/wp-json\/wp\/v2\/product_tag?post=107971"}],"curies":[{"name":"wp","href":"https:\/\/api.w.org\/{rel}","templated":true}]}}