{"id":108002,"date":"2026-03-12T10:40:28","date_gmt":"2026-03-12T13:40:28","guid":{"rendered":"https:\/\/anacleta.com.ar\/?post_type=product&#038;p=108002"},"modified":"2026-03-28T10:52:34","modified_gmt":"2026-03-28T13:52:34","slug":"buzo-too-hot-to-handle","status":"publish","type":"product","link":"https:\/\/anacleta.com.ar\/es_es\/producto\/buzo-too-hot-to-handle\/","title":{"rendered":"Buzo Too Hot To Handle"},"content":{"rendered":"","protected":false},"excerpt":{"rendered":"<p>El buzo Too Hot To Handle, de calce regular, est\u00e1 confeccionado en tejido de punto premium de algod\u00f3n. Cuenta con capucha y presenta un dise\u00f1o exclusivo de nuestra colecci\u00f3n en el delantero, realizado con hotfix adheridos sobre estampa. Miranda est\u00e1 usando en la prenda superior un talle S, y en la prenda inferior un talle S\/26. Sus medidas son: Altura 1.73 m. Busto 77 cm. Cintura 59cm. Cadera 85cm.<\/p>\n","protected":false},"featured_media":108007,"template":"","meta":[],"product_brand":[493],"product_cat":[150],"product_tag":[108],"class_list":{"0":"post-108002","1":"product","2":"type-product","3":"status-publish","4":"has-post-thumbnail","6":"product_brand-kosiuko","7":"product_cat-buzos","8":"product_tag-kosiuko","10":"first","11":"instock","12":"shipping-taxable","13":"purchasable","14":"product-type-variable"},"_links":{"self":[{"href":"https:\/\/anacleta.com.ar\/es_es\/wp-json\/wp\/v2\/product\/108002","targetHints":{"allow":["GET"]}}],"collection":[{"href":"https:\/\/anacleta.com.ar\/es_es\/wp-json\/wp\/v2\/product"}],"about":[{"href":"https:\/\/anacleta.com.ar\/es_es\/wp-json\/wp\/v2\/types\/product"}],"wp:featuredmedia":[{"embeddable":true,"href":"https:\/\/anacleta.com.ar\/es_es\/wp-json\/wp\/v2\/media\/108007"}],"wp:attachment":[{"href":"https:\/\/anacleta.com.ar\/es_es\/wp-json\/wp\/v2\/media?parent=108002"}],"wp:term":[{"taxonomy":"product_brand","embeddable":true,"href":"https:\/\/anacleta.com.ar\/es_es\/wp-json\/wp\/v2\/product_brand?post=108002"},{"taxonomy":"product_cat","embeddable":true,"href":"https:\/\/anacleta.com.ar\/es_es\/wp-json\/wp\/v2\/product_cat?post=108002"},{"taxonomy":"product_tag","embeddable":true,"href":"https:\/\/anacleta.com.ar\/es_es\/wp-json\/wp\/v2\/product_tag?post=108002"}],"curies":[{"name":"wp","href":"https:\/\/api.w.org\/{rel}","templated":true}]}}