{"id":108019,"date":"2026-03-12T10:47:04","date_gmt":"2026-03-12T13:47:04","guid":{"rendered":"https:\/\/anacleta.com.ar\/?post_type=product&#038;p=108019"},"modified":"2026-03-12T10:47:04","modified_gmt":"2026-03-12T13:47:04","slug":"buzo-just-freak-out","status":"publish","type":"product","link":"https:\/\/anacleta.com.ar\/es_es\/producto\/buzo-just-freak-out\/","title":{"rendered":"Buzo Just Freak Out"},"content":{"rendered":"","protected":false},"excerpt":{"rendered":"<p>El buzo Just Freak Out de calce regular, confeccionado en r\u00fastico te\u00f1ido con efecto de corrosi\u00f3n. Presenta un arte con tachones, un dise\u00f1o exclusivo de la colecci\u00f3n. Cuenta con detalles de morley en cuello, pu\u00f1os y cintura. Miranda est\u00e1 usando en la prenda superior un talle S, y en la prenda inferior un talle S\/26. Sus medidas son: Altura 1.73 m. Busto 77 cm. Cintura 59cm. Cadera 85cm.<\/p>\n","protected":false},"featured_media":108023,"template":"","meta":[],"product_brand":[493],"product_cat":[150],"product_tag":[108],"class_list":{"0":"post-108019","1":"product","2":"type-product","3":"status-publish","4":"has-post-thumbnail","6":"product_brand-kosiuko","7":"product_cat-buzos","8":"product_tag-kosiuko","10":"first","11":"instock","12":"shipping-taxable","13":"purchasable","14":"product-type-variable"},"_links":{"self":[{"href":"https:\/\/anacleta.com.ar\/es_es\/wp-json\/wp\/v2\/product\/108019","targetHints":{"allow":["GET"]}}],"collection":[{"href":"https:\/\/anacleta.com.ar\/es_es\/wp-json\/wp\/v2\/product"}],"about":[{"href":"https:\/\/anacleta.com.ar\/es_es\/wp-json\/wp\/v2\/types\/product"}],"wp:featuredmedia":[{"embeddable":true,"href":"https:\/\/anacleta.com.ar\/es_es\/wp-json\/wp\/v2\/media\/108023"}],"wp:attachment":[{"href":"https:\/\/anacleta.com.ar\/es_es\/wp-json\/wp\/v2\/media?parent=108019"}],"wp:term":[{"taxonomy":"product_brand","embeddable":true,"href":"https:\/\/anacleta.com.ar\/es_es\/wp-json\/wp\/v2\/product_brand?post=108019"},{"taxonomy":"product_cat","embeddable":true,"href":"https:\/\/anacleta.com.ar\/es_es\/wp-json\/wp\/v2\/product_cat?post=108019"},{"taxonomy":"product_tag","embeddable":true,"href":"https:\/\/anacleta.com.ar\/es_es\/wp-json\/wp\/v2\/product_tag?post=108019"}],"curies":[{"name":"wp","href":"https:\/\/api.w.org\/{rel}","templated":true}]}}