{"id":108131,"date":"2026-03-12T12:03:44","date_gmt":"2026-03-12T15:03:44","guid":{"rendered":"https:\/\/anacleta.com.ar\/?post_type=product&#038;p=108131"},"modified":"2026-03-12T12:03:44","modified_gmt":"2026-03-12T15:03:44","slug":"trench-city-blues","status":"publish","type":"product","link":"https:\/\/anacleta.com.ar\/es_es\/producto\/trench-city-blues\/","title":{"rendered":"Trench City Blues"},"content":{"rendered":"","protected":false},"excerpt":{"rendered":"<p>El trench City Blues posee calce regular y largo por debajo de la rodilla. Est\u00e1confeccionado en gabardina impermeable y forrer\u00eda sublimada con dise\u00f1o exclusivo de la colecci\u00f3n. Posee lazo con hebilla personalizada con el logo de la marca y botones con dise\u00f1o de carey. In\u00e9s est\u00e1 usando en la prenda superior un talle S, y en la prenda inferior un talle S\/26. Sus medidas son: Altura 1.75 m. Busto 75 cm. Cintura 65cm. Cadera 90cm.<\/p>\n","protected":false},"featured_media":108134,"template":"","meta":[],"product_brand":[493],"product_cat":[148],"product_tag":[108],"class_list":{"0":"post-108131","1":"product","2":"type-product","3":"status-publish","4":"has-post-thumbnail","6":"product_brand-kosiuko","7":"product_cat-sacos-y-camperas","8":"product_tag-kosiuko","10":"first","11":"instock","12":"shipping-taxable","13":"purchasable","14":"product-type-variable"},"_links":{"self":[{"href":"https:\/\/anacleta.com.ar\/es_es\/wp-json\/wp\/v2\/product\/108131","targetHints":{"allow":["GET"]}}],"collection":[{"href":"https:\/\/anacleta.com.ar\/es_es\/wp-json\/wp\/v2\/product"}],"about":[{"href":"https:\/\/anacleta.com.ar\/es_es\/wp-json\/wp\/v2\/types\/product"}],"wp:featuredmedia":[{"embeddable":true,"href":"https:\/\/anacleta.com.ar\/es_es\/wp-json\/wp\/v2\/media\/108134"}],"wp:attachment":[{"href":"https:\/\/anacleta.com.ar\/es_es\/wp-json\/wp\/v2\/media?parent=108131"}],"wp:term":[{"taxonomy":"product_brand","embeddable":true,"href":"https:\/\/anacleta.com.ar\/es_es\/wp-json\/wp\/v2\/product_brand?post=108131"},{"taxonomy":"product_cat","embeddable":true,"href":"https:\/\/anacleta.com.ar\/es_es\/wp-json\/wp\/v2\/product_cat?post=108131"},{"taxonomy":"product_tag","embeddable":true,"href":"https:\/\/anacleta.com.ar\/es_es\/wp-json\/wp\/v2\/product_tag?post=108131"}],"curies":[{"name":"wp","href":"https:\/\/api.w.org\/{rel}","templated":true}]}}