{"id":108138,"date":"2026-03-12T12:08:01","date_gmt":"2026-03-12T15:08:01","guid":{"rendered":"https:\/\/anacleta.com.ar\/?post_type=product&#038;p=108138"},"modified":"2026-04-29T10:00:50","modified_gmt":"2026-04-29T13:00:50","slug":"pantalon-fly-high","status":"publish","type":"product","link":"https:\/\/anacleta.com.ar\/es_es\/producto\/pantalon-fly-high\/","title":{"rendered":"Pantalon Fly High"},"content":{"rendered":"","protected":false},"excerpt":{"rendered":"<p>El pantal\u00f3n Fly High tiene calce barrel y tiro medio. Est\u00e1 confeccionado en tejido t\u00e9cnico sargado, y posee pinzas de ajuste y bolsillos en laterales. Su acceso es mediante broches personalizados con el logo de la marca. Miranda est\u00e1 usando en la prenda superior un talle S, y en la prenda inferior un talle S\/26. Sus medidas son: Altura 1.73 m. Busto 77 cm. Cintura 59cm. Cadera 85cm.<\/p>\n","protected":false},"featured_media":108143,"template":"","meta":[],"product_brand":[493],"product_cat":[134],"product_tag":[108],"class_list":{"0":"post-108138","1":"product","2":"type-product","3":"status-publish","4":"has-post-thumbnail","6":"product_brand-kosiuko","7":"product_cat-pantalones","8":"product_tag-kosiuko","10":"first","11":"outofstock","12":"shipping-taxable","13":"product-type-variable"},"_links":{"self":[{"href":"https:\/\/anacleta.com.ar\/es_es\/wp-json\/wp\/v2\/product\/108138","targetHints":{"allow":["GET"]}}],"collection":[{"href":"https:\/\/anacleta.com.ar\/es_es\/wp-json\/wp\/v2\/product"}],"about":[{"href":"https:\/\/anacleta.com.ar\/es_es\/wp-json\/wp\/v2\/types\/product"}],"wp:featuredmedia":[{"embeddable":true,"href":"https:\/\/anacleta.com.ar\/es_es\/wp-json\/wp\/v2\/media\/108143"}],"wp:attachment":[{"href":"https:\/\/anacleta.com.ar\/es_es\/wp-json\/wp\/v2\/media?parent=108138"}],"wp:term":[{"taxonomy":"product_brand","embeddable":true,"href":"https:\/\/anacleta.com.ar\/es_es\/wp-json\/wp\/v2\/product_brand?post=108138"},{"taxonomy":"product_cat","embeddable":true,"href":"https:\/\/anacleta.com.ar\/es_es\/wp-json\/wp\/v2\/product_cat?post=108138"},{"taxonomy":"product_tag","embeddable":true,"href":"https:\/\/anacleta.com.ar\/es_es\/wp-json\/wp\/v2\/product_tag?post=108138"}],"curies":[{"name":"wp","href":"https:\/\/api.w.org\/{rel}","templated":true}]}}