{"id":108216,"date":"2026-03-12T12:59:14","date_gmt":"2026-03-12T15:59:14","guid":{"rendered":"https:\/\/anacleta.com.ar\/?post_type=product&#038;p=108216"},"modified":"2026-03-12T12:59:15","modified_gmt":"2026-03-12T15:59:15","slug":"billetera-basic-chain","status":"publish","type":"product","link":"https:\/\/anacleta.com.ar\/es_es\/producto\/billetera-basic-chain\/","title":{"rendered":"Billetera Basic Chain"},"content":{"rendered":"","protected":false},"excerpt":{"rendered":"<p>Billetera de cuero 100% con ojalillo met\u00e1lico para colocar cadena. Forrer\u00eda 100% algod\u00f3n.<\/p>\n","protected":false},"featured_media":108217,"template":"","meta":[],"product_brand":[494],"product_cat":[128],"product_tag":[110],"class_list":{"0":"post-108216","1":"product","2":"type-product","3":"status-publish","4":"has-post-thumbnail","6":"product_brand-herencia","7":"product_cat-accesorios","8":"product_tag-herencia-custom-garage","10":"first","11":"instock","12":"shipping-taxable","13":"purchasable","14":"product-type-simple"},"_links":{"self":[{"href":"https:\/\/anacleta.com.ar\/es_es\/wp-json\/wp\/v2\/product\/108216","targetHints":{"allow":["GET"]}}],"collection":[{"href":"https:\/\/anacleta.com.ar\/es_es\/wp-json\/wp\/v2\/product"}],"about":[{"href":"https:\/\/anacleta.com.ar\/es_es\/wp-json\/wp\/v2\/types\/product"}],"wp:featuredmedia":[{"embeddable":true,"href":"https:\/\/anacleta.com.ar\/es_es\/wp-json\/wp\/v2\/media\/108217"}],"wp:attachment":[{"href":"https:\/\/anacleta.com.ar\/es_es\/wp-json\/wp\/v2\/media?parent=108216"}],"wp:term":[{"taxonomy":"product_brand","embeddable":true,"href":"https:\/\/anacleta.com.ar\/es_es\/wp-json\/wp\/v2\/product_brand?post=108216"},{"taxonomy":"product_cat","embeddable":true,"href":"https:\/\/anacleta.com.ar\/es_es\/wp-json\/wp\/v2\/product_cat?post=108216"},{"taxonomy":"product_tag","embeddable":true,"href":"https:\/\/anacleta.com.ar\/es_es\/wp-json\/wp\/v2\/product_tag?post=108216"}],"curies":[{"name":"wp","href":"https:\/\/api.w.org\/{rel}","templated":true}]}}