{"id":108230,"date":"2026-03-12T17:11:36","date_gmt":"2026-03-12T20:11:36","guid":{"rendered":"https:\/\/anacleta.com.ar\/?post_type=product&#038;p=108230"},"modified":"2026-04-09T10:05:45","modified_gmt":"2026-04-09T13:05:45","slug":"pulsera-t1","status":"publish","type":"product","link":"https:\/\/anacleta.com.ar\/es_es\/producto\/pulsera-t1\/","title":{"rendered":"Pulsera T1"},"content":{"rendered":"","protected":false},"excerpt":{"rendered":"<p>La pulsera t1 est\u00e1 hecha en hilo de algod\u00f3n encerado y calaveras met\u00e1licas. Largo 9cm sin estirar (es con elastico).<\/p>\n","protected":false},"featured_media":108231,"template":"","meta":[],"product_brand":[494],"product_cat":[128],"product_tag":[110],"class_list":{"0":"post-108230","1":"product","2":"type-product","3":"status-publish","4":"has-post-thumbnail","6":"product_brand-herencia","7":"product_cat-accesorios","8":"product_tag-herencia-custom-garage","10":"first","11":"instock","12":"shipping-taxable","13":"purchasable","14":"product-type-simple"},"_links":{"self":[{"href":"https:\/\/anacleta.com.ar\/es_es\/wp-json\/wp\/v2\/product\/108230","targetHints":{"allow":["GET"]}}],"collection":[{"href":"https:\/\/anacleta.com.ar\/es_es\/wp-json\/wp\/v2\/product"}],"about":[{"href":"https:\/\/anacleta.com.ar\/es_es\/wp-json\/wp\/v2\/types\/product"}],"wp:featuredmedia":[{"embeddable":true,"href":"https:\/\/anacleta.com.ar\/es_es\/wp-json\/wp\/v2\/media\/108231"}],"wp:attachment":[{"href":"https:\/\/anacleta.com.ar\/es_es\/wp-json\/wp\/v2\/media?parent=108230"}],"wp:term":[{"taxonomy":"product_brand","embeddable":true,"href":"https:\/\/anacleta.com.ar\/es_es\/wp-json\/wp\/v2\/product_brand?post=108230"},{"taxonomy":"product_cat","embeddable":true,"href":"https:\/\/anacleta.com.ar\/es_es\/wp-json\/wp\/v2\/product_cat?post=108230"},{"taxonomy":"product_tag","embeddable":true,"href":"https:\/\/anacleta.com.ar\/es_es\/wp-json\/wp\/v2\/product_tag?post=108230"}],"curies":[{"name":"wp","href":"https:\/\/api.w.org\/{rel}","templated":true}]}}