{"id":108278,"date":"2026-03-12T17:37:47","date_gmt":"2026-03-12T20:37:47","guid":{"rendered":"https:\/\/anacleta.com.ar\/?post_type=product&#038;p=108278"},"modified":"2026-04-16T11:37:36","modified_gmt":"2026-04-16T14:37:36","slug":"llavero-roller","status":"publish","type":"product","link":"https:\/\/anacleta.com.ar\/es_es\/producto\/llavero-roller\/","title":{"rendered":"Llavero Roller"},"content":{"rendered":"","protected":false},"excerpt":{"rendered":"<p>El Llavero Roller hecho en ba\u00f1o negro cuenta con un mosquet\u00f3n, una calavera personalizado, logo de la marca H.C.G y una cruz g\u00f3tica. Largo 12cm.<\/p>\n","protected":false},"featured_media":108279,"template":"","meta":[],"product_brand":[494],"product_cat":[128],"product_tag":[110],"class_list":{"0":"post-108278","1":"product","2":"type-product","3":"status-publish","4":"has-post-thumbnail","6":"product_brand-herencia","7":"product_cat-accesorios","8":"product_tag-herencia-custom-garage","10":"first","11":"instock","12":"shipping-taxable","13":"purchasable","14":"product-type-simple"},"_links":{"self":[{"href":"https:\/\/anacleta.com.ar\/es_es\/wp-json\/wp\/v2\/product\/108278","targetHints":{"allow":["GET"]}}],"collection":[{"href":"https:\/\/anacleta.com.ar\/es_es\/wp-json\/wp\/v2\/product"}],"about":[{"href":"https:\/\/anacleta.com.ar\/es_es\/wp-json\/wp\/v2\/types\/product"}],"wp:featuredmedia":[{"embeddable":true,"href":"https:\/\/anacleta.com.ar\/es_es\/wp-json\/wp\/v2\/media\/108279"}],"wp:attachment":[{"href":"https:\/\/anacleta.com.ar\/es_es\/wp-json\/wp\/v2\/media?parent=108278"}],"wp:term":[{"taxonomy":"product_brand","embeddable":true,"href":"https:\/\/anacleta.com.ar\/es_es\/wp-json\/wp\/v2\/product_brand?post=108278"},{"taxonomy":"product_cat","embeddable":true,"href":"https:\/\/anacleta.com.ar\/es_es\/wp-json\/wp\/v2\/product_cat?post=108278"},{"taxonomy":"product_tag","embeddable":true,"href":"https:\/\/anacleta.com.ar\/es_es\/wp-json\/wp\/v2\/product_tag?post=108278"}],"curies":[{"name":"wp","href":"https:\/\/api.w.org\/{rel}","templated":true}]}}