{"id":108281,"date":"2026-03-12T17:40:19","date_gmt":"2026-03-12T20:40:19","guid":{"rendered":"https:\/\/anacleta.com.ar\/?post_type=product&#038;p=108281"},"modified":"2026-05-02T11:17:43","modified_gmt":"2026-05-02T14:17:43","slug":"llavero-lucky","status":"publish","type":"product","link":"https:\/\/anacleta.com.ar\/es_es\/producto\/llavero-lucky\/","title":{"rendered":"Llavero Lucky"},"content":{"rendered":"","protected":false},"excerpt":{"rendered":"<p>El Llavero Lucky hecho en ba\u00f1o de plata vieja cuenta con un mosquet\u00f3n, y una combinaci\u00f3n de dijes colgantes una calavera personalizado, logo de la marca H.C.G y una cruz g\u00f3tica. Largo 11cm.<\/p>\n","protected":false},"featured_media":108282,"template":"","meta":[],"product_brand":[494],"product_cat":[128],"product_tag":[110],"class_list":{"0":"post-108281","1":"product","2":"type-product","3":"status-publish","4":"has-post-thumbnail","6":"product_brand-herencia","7":"product_cat-accesorios","8":"product_tag-herencia-custom-garage","10":"first","11":"instock","12":"shipping-taxable","13":"purchasable","14":"product-type-simple"},"_links":{"self":[{"href":"https:\/\/anacleta.com.ar\/es_es\/wp-json\/wp\/v2\/product\/108281","targetHints":{"allow":["GET"]}}],"collection":[{"href":"https:\/\/anacleta.com.ar\/es_es\/wp-json\/wp\/v2\/product"}],"about":[{"href":"https:\/\/anacleta.com.ar\/es_es\/wp-json\/wp\/v2\/types\/product"}],"wp:featuredmedia":[{"embeddable":true,"href":"https:\/\/anacleta.com.ar\/es_es\/wp-json\/wp\/v2\/media\/108282"}],"wp:attachment":[{"href":"https:\/\/anacleta.com.ar\/es_es\/wp-json\/wp\/v2\/media?parent=108281"}],"wp:term":[{"taxonomy":"product_brand","embeddable":true,"href":"https:\/\/anacleta.com.ar\/es_es\/wp-json\/wp\/v2\/product_brand?post=108281"},{"taxonomy":"product_cat","embeddable":true,"href":"https:\/\/anacleta.com.ar\/es_es\/wp-json\/wp\/v2\/product_cat?post=108281"},{"taxonomy":"product_tag","embeddable":true,"href":"https:\/\/anacleta.com.ar\/es_es\/wp-json\/wp\/v2\/product_tag?post=108281"}],"curies":[{"name":"wp","href":"https:\/\/api.w.org\/{rel}","templated":true}]}}