{"id":108285,"date":"2026-03-12T17:42:27","date_gmt":"2026-03-12T20:42:27","guid":{"rendered":"https:\/\/anacleta.com.ar\/?post_type=product&#038;p=108285"},"modified":"2026-03-14T12:06:42","modified_gmt":"2026-03-14T15:06:42","slug":"llavero-guadalupe","status":"publish","type":"product","link":"https:\/\/anacleta.com.ar\/es_es\/producto\/llavero-guadalupe\/","title":{"rendered":"Llavero Guadalupe"},"content":{"rendered":"","protected":false},"excerpt":{"rendered":"<p>El Llavero Guadalupe hecho en ba\u00f1o de plata antigua cuenta con un mosqueton y un dise\u00f1o personalizado de nuestra virgen insignia, Nuestra Se\u00f1ora de Guadalupe. Largo 10cm.<\/p>\n","protected":false},"featured_media":108286,"template":"","meta":[],"product_brand":[494],"product_cat":[128],"product_tag":[110],"class_list":{"0":"post-108285","1":"product","2":"type-product","3":"status-publish","4":"has-post-thumbnail","6":"product_brand-herencia","7":"product_cat-accesorios","8":"product_tag-herencia-custom-garage","10":"first","11":"instock","12":"shipping-taxable","13":"purchasable","14":"product-type-simple"},"_links":{"self":[{"href":"https:\/\/anacleta.com.ar\/es_es\/wp-json\/wp\/v2\/product\/108285","targetHints":{"allow":["GET"]}}],"collection":[{"href":"https:\/\/anacleta.com.ar\/es_es\/wp-json\/wp\/v2\/product"}],"about":[{"href":"https:\/\/anacleta.com.ar\/es_es\/wp-json\/wp\/v2\/types\/product"}],"wp:featuredmedia":[{"embeddable":true,"href":"https:\/\/anacleta.com.ar\/es_es\/wp-json\/wp\/v2\/media\/108286"}],"wp:attachment":[{"href":"https:\/\/anacleta.com.ar\/es_es\/wp-json\/wp\/v2\/media?parent=108285"}],"wp:term":[{"taxonomy":"product_brand","embeddable":true,"href":"https:\/\/anacleta.com.ar\/es_es\/wp-json\/wp\/v2\/product_brand?post=108285"},{"taxonomy":"product_cat","embeddable":true,"href":"https:\/\/anacleta.com.ar\/es_es\/wp-json\/wp\/v2\/product_cat?post=108285"},{"taxonomy":"product_tag","embeddable":true,"href":"https:\/\/anacleta.com.ar\/es_es\/wp-json\/wp\/v2\/product_tag?post=108285"}],"curies":[{"name":"wp","href":"https:\/\/api.w.org\/{rel}","templated":true}]}}