{"id":108289,"date":"2026-03-12T17:46:10","date_gmt":"2026-03-12T20:46:10","guid":{"rendered":"https:\/\/anacleta.com.ar\/?post_type=product&#038;p=108289"},"modified":"2026-03-12T17:46:10","modified_gmt":"2026-03-12T20:46:10","slug":"camisaco-racer-new-2","status":"publish","type":"product","link":"https:\/\/anacleta.com.ar\/es_es\/producto\/camisaco-racer-new-2\/","title":{"rendered":"Camisaco Racer New"},"content":{"rendered":"","protected":false},"excerpt":{"rendered":"<p>El camisaco racer new tiene calce regular con bolsillos delanteros y botones en cartera. Est\u00e1 confeccionado en pa\u00f1o de algod\u00f3n 100%. Nacho est\u00e1 usando en la prenda superior un talle M, y en la prenda inferior un talle S\/30. Su altura es de 1.85 m.<\/p>\n","protected":false},"featured_media":108295,"template":"","meta":[],"product_brand":[494],"product_cat":[148],"product_tag":[110],"class_list":{"0":"post-108289","1":"product","2":"type-product","3":"status-publish","4":"has-post-thumbnail","6":"product_brand-herencia","7":"product_cat-sacos-y-camperas","8":"product_tag-herencia-custom-garage","10":"first","11":"instock","12":"shipping-taxable","13":"purchasable","14":"product-type-variable"},"_links":{"self":[{"href":"https:\/\/anacleta.com.ar\/es_es\/wp-json\/wp\/v2\/product\/108289","targetHints":{"allow":["GET"]}}],"collection":[{"href":"https:\/\/anacleta.com.ar\/es_es\/wp-json\/wp\/v2\/product"}],"about":[{"href":"https:\/\/anacleta.com.ar\/es_es\/wp-json\/wp\/v2\/types\/product"}],"wp:featuredmedia":[{"embeddable":true,"href":"https:\/\/anacleta.com.ar\/es_es\/wp-json\/wp\/v2\/media\/108295"}],"wp:attachment":[{"href":"https:\/\/anacleta.com.ar\/es_es\/wp-json\/wp\/v2\/media?parent=108289"}],"wp:term":[{"taxonomy":"product_brand","embeddable":true,"href":"https:\/\/anacleta.com.ar\/es_es\/wp-json\/wp\/v2\/product_brand?post=108289"},{"taxonomy":"product_cat","embeddable":true,"href":"https:\/\/anacleta.com.ar\/es_es\/wp-json\/wp\/v2\/product_cat?post=108289"},{"taxonomy":"product_tag","embeddable":true,"href":"https:\/\/anacleta.com.ar\/es_es\/wp-json\/wp\/v2\/product_tag?post=108289"}],"curies":[{"name":"wp","href":"https:\/\/api.w.org\/{rel}","templated":true}]}}