{"id":108337,"date":"2026-03-12T18:18:46","date_gmt":"2026-03-12T21:18:46","guid":{"rendered":"https:\/\/anacleta.com.ar\/?post_type=product&#038;p=108337"},"modified":"2026-04-11T11:26:18","modified_gmt":"2026-04-11T14:26:18","slug":"remera-hot-ride-558","status":"publish","type":"product","link":"https:\/\/anacleta.com.ar\/es_es\/producto\/remera-hot-ride-558\/","title":{"rendered":"Remera Hot Ride 558"},"content":{"rendered":"","protected":false},"excerpt":{"rendered":"<p>Remera mangas cortas, de calce slim. Confeccionada en jersey pima 40\/1. Detalles de terminaci\u00f3n al corte en cuello y uni\u00f3n de sisas. Estampada en delantero y espalda Juan est\u00e1 usando en la prenda superior un talle M, y en la prenda inferior un talle 30. Su altura es de 1.84 m. Pecho 101 cm. Cintura 76 cm. Cadera 96 cm.<\/p>\n","protected":false},"featured_media":108341,"template":"","meta":[],"product_brand":[494],"product_cat":[129],"product_tag":[110],"class_list":{"0":"post-108337","1":"product","2":"type-product","3":"status-publish","4":"has-post-thumbnail","6":"product_brand-herencia","7":"product_cat-remeras","8":"product_tag-herencia-custom-garage","10":"first","11":"instock","12":"shipping-taxable","13":"purchasable","14":"product-type-variable"},"_links":{"self":[{"href":"https:\/\/anacleta.com.ar\/es_es\/wp-json\/wp\/v2\/product\/108337","targetHints":{"allow":["GET"]}}],"collection":[{"href":"https:\/\/anacleta.com.ar\/es_es\/wp-json\/wp\/v2\/product"}],"about":[{"href":"https:\/\/anacleta.com.ar\/es_es\/wp-json\/wp\/v2\/types\/product"}],"wp:featuredmedia":[{"embeddable":true,"href":"https:\/\/anacleta.com.ar\/es_es\/wp-json\/wp\/v2\/media\/108341"}],"wp:attachment":[{"href":"https:\/\/anacleta.com.ar\/es_es\/wp-json\/wp\/v2\/media?parent=108337"}],"wp:term":[{"taxonomy":"product_brand","embeddable":true,"href":"https:\/\/anacleta.com.ar\/es_es\/wp-json\/wp\/v2\/product_brand?post=108337"},{"taxonomy":"product_cat","embeddable":true,"href":"https:\/\/anacleta.com.ar\/es_es\/wp-json\/wp\/v2\/product_cat?post=108337"},{"taxonomy":"product_tag","embeddable":true,"href":"https:\/\/anacleta.com.ar\/es_es\/wp-json\/wp\/v2\/product_tag?post=108337"}],"curies":[{"name":"wp","href":"https:\/\/api.w.org\/{rel}","templated":true}]}}