{"id":108344,"date":"2026-03-12T18:22:32","date_gmt":"2026-03-12T21:22:32","guid":{"rendered":"https:\/\/anacleta.com.ar\/?post_type=product&#038;p=108344"},"modified":"2026-04-15T10:37:52","modified_gmt":"2026-04-15T13:37:52","slug":"remera-hot-ride-572","status":"publish","type":"product","link":"https:\/\/anacleta.com.ar\/es_es\/producto\/remera-hot-ride-572\/","title":{"rendered":"Remera Hot Ride 572"},"content":{"rendered":"","protected":false},"excerpt":{"rendered":"<p>La remera hot ride 540 es una prenda de calce slim, confeccionada en jersey de algod\u00f3n pima. La prenda est\u00e1 estampada en el frente. Cuenta con un proceso lavado fade d\u00e1ndole una apariencia de color gastado. Luigi est\u00e1 usando en la prenda superior un talle M, y en la prenda inferior un talle S\/30. Su altura es de 1.78 m.<\/p>\n","protected":false},"featured_media":108349,"template":"","meta":[],"product_brand":[494],"product_cat":[129],"product_tag":[110],"class_list":{"0":"post-108344","1":"product","2":"type-product","3":"status-publish","4":"has-post-thumbnail","6":"product_brand-herencia","7":"product_cat-remeras","8":"product_tag-herencia-custom-garage","10":"first","11":"instock","12":"shipping-taxable","13":"purchasable","14":"product-type-variable"},"_links":{"self":[{"href":"https:\/\/anacleta.com.ar\/es_es\/wp-json\/wp\/v2\/product\/108344","targetHints":{"allow":["GET"]}}],"collection":[{"href":"https:\/\/anacleta.com.ar\/es_es\/wp-json\/wp\/v2\/product"}],"about":[{"href":"https:\/\/anacleta.com.ar\/es_es\/wp-json\/wp\/v2\/types\/product"}],"wp:featuredmedia":[{"embeddable":true,"href":"https:\/\/anacleta.com.ar\/es_es\/wp-json\/wp\/v2\/media\/108349"}],"wp:attachment":[{"href":"https:\/\/anacleta.com.ar\/es_es\/wp-json\/wp\/v2\/media?parent=108344"}],"wp:term":[{"taxonomy":"product_brand","embeddable":true,"href":"https:\/\/anacleta.com.ar\/es_es\/wp-json\/wp\/v2\/product_brand?post=108344"},{"taxonomy":"product_cat","embeddable":true,"href":"https:\/\/anacleta.com.ar\/es_es\/wp-json\/wp\/v2\/product_cat?post=108344"},{"taxonomy":"product_tag","embeddable":true,"href":"https:\/\/anacleta.com.ar\/es_es\/wp-json\/wp\/v2\/product_tag?post=108344"}],"curies":[{"name":"wp","href":"https:\/\/api.w.org\/{rel}","templated":true}]}}