{"id":108384,"date":"2026-03-12T18:40:49","date_gmt":"2026-03-12T21:40:49","guid":{"rendered":"https:\/\/anacleta.com.ar\/?post_type=product&#038;p=108384"},"modified":"2026-03-12T18:40:49","modified_gmt":"2026-03-12T21:40:49","slug":"campera-herencia-black","status":"publish","type":"product","link":"https:\/\/anacleta.com.ar\/es_es\/producto\/campera-herencia-black\/","title":{"rendered":"Campera Herencia Black"},"content":{"rendered":"","protected":false},"excerpt":{"rendered":"<p>La campera Herencia black de calce regular, est\u00e1 confeccionado en tejido premium. Cuenta con bolsillos plaque delanteros uno de los cuales est\u00e1 bordado con logo institucional. Su acceso es mediante botones. Juan est\u00e1 usando en la prenda superior un talle M, y en la prenda inferior un talle 30. Su altura es de 1.84 m. Pecho 101 cm. Cintura 76 cm. Cadera 96 cm.<\/p>\n","protected":false},"featured_media":108388,"template":"","meta":[],"product_brand":[494],"product_cat":[148],"product_tag":[110],"class_list":{"0":"post-108384","1":"product","2":"type-product","3":"status-publish","4":"has-post-thumbnail","6":"product_brand-herencia","7":"product_cat-sacos-y-camperas","8":"product_tag-herencia-custom-garage","10":"first","11":"instock","12":"shipping-taxable","13":"purchasable","14":"product-type-variable"},"_links":{"self":[{"href":"https:\/\/anacleta.com.ar\/es_es\/wp-json\/wp\/v2\/product\/108384","targetHints":{"allow":["GET"]}}],"collection":[{"href":"https:\/\/anacleta.com.ar\/es_es\/wp-json\/wp\/v2\/product"}],"about":[{"href":"https:\/\/anacleta.com.ar\/es_es\/wp-json\/wp\/v2\/types\/product"}],"wp:featuredmedia":[{"embeddable":true,"href":"https:\/\/anacleta.com.ar\/es_es\/wp-json\/wp\/v2\/media\/108388"}],"wp:attachment":[{"href":"https:\/\/anacleta.com.ar\/es_es\/wp-json\/wp\/v2\/media?parent=108384"}],"wp:term":[{"taxonomy":"product_brand","embeddable":true,"href":"https:\/\/anacleta.com.ar\/es_es\/wp-json\/wp\/v2\/product_brand?post=108384"},{"taxonomy":"product_cat","embeddable":true,"href":"https:\/\/anacleta.com.ar\/es_es\/wp-json\/wp\/v2\/product_cat?post=108384"},{"taxonomy":"product_tag","embeddable":true,"href":"https:\/\/anacleta.com.ar\/es_es\/wp-json\/wp\/v2\/product_tag?post=108384"}],"curies":[{"name":"wp","href":"https:\/\/api.w.org\/{rel}","templated":true}]}}