{"id":108408,"date":"2026-03-12T19:04:22","date_gmt":"2026-03-12T22:04:22","guid":{"rendered":"https:\/\/anacleta.com.ar\/?post_type=product&#038;p=108408"},"modified":"2026-04-29T10:22:35","modified_gmt":"2026-04-29T13:22:35","slug":"bomber-herencia-r","status":"publish","type":"product","link":"https:\/\/anacleta.com.ar\/es_es\/producto\/bomber-herencia-r\/","title":{"rendered":"Bomber Herencia R"},"content":{"rendered":"","protected":false},"excerpt":{"rendered":"<p>La bomber herencia r de calce regular, est\u00e1 confeccionado en tejido premium. Cuenta con bolsillo ojal en delanteros, pu\u00f1os, cintura y cuello tejidos a tono. Su acceso es mediante cierre doble carro. Nacho est\u00e1 usando en la prenda superior un talle M, y en la prenda inferior un talle S\/30. Su altura es de 1.85 m.<\/p>\n","protected":false},"featured_media":108409,"template":"","meta":[],"product_brand":[494],"product_cat":[148],"product_tag":[110],"class_list":{"0":"post-108408","1":"product","2":"type-product","3":"status-publish","4":"has-post-thumbnail","6":"product_brand-herencia","7":"product_cat-sacos-y-camperas","8":"product_tag-herencia-custom-garage","10":"first","11":"outofstock","12":"shipping-taxable","13":"product-type-variable"},"_links":{"self":[{"href":"https:\/\/anacleta.com.ar\/es_es\/wp-json\/wp\/v2\/product\/108408","targetHints":{"allow":["GET"]}}],"collection":[{"href":"https:\/\/anacleta.com.ar\/es_es\/wp-json\/wp\/v2\/product"}],"about":[{"href":"https:\/\/anacleta.com.ar\/es_es\/wp-json\/wp\/v2\/types\/product"}],"wp:featuredmedia":[{"embeddable":true,"href":"https:\/\/anacleta.com.ar\/es_es\/wp-json\/wp\/v2\/media\/108409"}],"wp:attachment":[{"href":"https:\/\/anacleta.com.ar\/es_es\/wp-json\/wp\/v2\/media?parent=108408"}],"wp:term":[{"taxonomy":"product_brand","embeddable":true,"href":"https:\/\/anacleta.com.ar\/es_es\/wp-json\/wp\/v2\/product_brand?post=108408"},{"taxonomy":"product_cat","embeddable":true,"href":"https:\/\/anacleta.com.ar\/es_es\/wp-json\/wp\/v2\/product_cat?post=108408"},{"taxonomy":"product_tag","embeddable":true,"href":"https:\/\/anacleta.com.ar\/es_es\/wp-json\/wp\/v2\/product_tag?post=108408"}],"curies":[{"name":"wp","href":"https:\/\/api.w.org\/{rel}","templated":true}]}}