{"id":108463,"date":"2026-03-12T19:33:38","date_gmt":"2026-03-12T22:33:38","guid":{"rendered":"https:\/\/anacleta.com.ar\/?post_type=product&#038;p=108463"},"modified":"2026-03-13T10:50:24","modified_gmt":"2026-03-13T13:50:24","slug":"camisa-north-dark","status":"publish","type":"product","link":"https:\/\/anacleta.com.ar\/es_es\/producto\/camisa-north-dark\/","title":{"rendered":"Camisa North Dark"},"content":{"rendered":"","protected":false},"excerpt":{"rendered":"<p>La camisa north dark tiene un calce slim con cuello tipo italiano y manga larga. Est\u00e1 confeccionada en ratier 100% algod\u00f3n y posee avios marcarios. Nacho est\u00e1 usando en la prenda superior un talle M, y en la prenda inferior un talle S\/30. Su altura es de 1.85 m.<\/p>\n","protected":false},"featured_media":108468,"template":"","meta":[],"product_brand":[494],"product_cat":[184],"product_tag":[110],"class_list":{"0":"post-108463","1":"product","2":"type-product","3":"status-publish","4":"has-post-thumbnail","6":"product_brand-herencia","7":"product_cat-camisas","8":"product_tag-herencia-custom-garage","10":"first","11":"instock","12":"shipping-taxable","13":"purchasable","14":"product-type-variable"},"_links":{"self":[{"href":"https:\/\/anacleta.com.ar\/es_es\/wp-json\/wp\/v2\/product\/108463","targetHints":{"allow":["GET"]}}],"collection":[{"href":"https:\/\/anacleta.com.ar\/es_es\/wp-json\/wp\/v2\/product"}],"about":[{"href":"https:\/\/anacleta.com.ar\/es_es\/wp-json\/wp\/v2\/types\/product"}],"wp:featuredmedia":[{"embeddable":true,"href":"https:\/\/anacleta.com.ar\/es_es\/wp-json\/wp\/v2\/media\/108468"}],"wp:attachment":[{"href":"https:\/\/anacleta.com.ar\/es_es\/wp-json\/wp\/v2\/media?parent=108463"}],"wp:term":[{"taxonomy":"product_brand","embeddable":true,"href":"https:\/\/anacleta.com.ar\/es_es\/wp-json\/wp\/v2\/product_brand?post=108463"},{"taxonomy":"product_cat","embeddable":true,"href":"https:\/\/anacleta.com.ar\/es_es\/wp-json\/wp\/v2\/product_cat?post=108463"},{"taxonomy":"product_tag","embeddable":true,"href":"https:\/\/anacleta.com.ar\/es_es\/wp-json\/wp\/v2\/product_tag?post=108463"}],"curies":[{"name":"wp","href":"https:\/\/api.w.org\/{rel}","templated":true}]}}