{"id":108471,"date":"2026-03-12T19:39:13","date_gmt":"2026-03-12T22:39:13","guid":{"rendered":"https:\/\/anacleta.com.ar\/?post_type=product&#038;p=108471"},"modified":"2026-04-23T10:29:51","modified_gmt":"2026-04-23T13:29:51","slug":"remera-hot-ride-582","status":"publish","type":"product","link":"https:\/\/anacleta.com.ar\/es_es\/producto\/remera-hot-ride-582\/","title":{"rendered":"Remera Hot Ride 582"},"content":{"rendered":"","protected":false},"excerpt":{"rendered":"<p>Remera mangas cortas, de calce slim. Detalles de terminaci\u00f3n al corte en sisas y cuello. Estampada en espalda. Confeccionada en jersey de algod\u00f3n pima. Prenda con proceso de suavizado. Nacho est\u00e1 usando en la prenda superior un talle M, y en la prenda inferior un talle S\/30. Su altura es de 1.85 m.<\/p>\n","protected":false},"featured_media":108477,"template":"","meta":[],"product_brand":[494],"product_cat":[129],"product_tag":[110],"class_list":{"0":"post-108471","1":"product","2":"type-product","3":"status-publish","4":"has-post-thumbnail","6":"product_brand-herencia","7":"product_cat-remeras","8":"product_tag-herencia-custom-garage","10":"first","11":"outofstock","12":"shipping-taxable","13":"product-type-variable"},"_links":{"self":[{"href":"https:\/\/anacleta.com.ar\/es_es\/wp-json\/wp\/v2\/product\/108471","targetHints":{"allow":["GET"]}}],"collection":[{"href":"https:\/\/anacleta.com.ar\/es_es\/wp-json\/wp\/v2\/product"}],"about":[{"href":"https:\/\/anacleta.com.ar\/es_es\/wp-json\/wp\/v2\/types\/product"}],"wp:featuredmedia":[{"embeddable":true,"href":"https:\/\/anacleta.com.ar\/es_es\/wp-json\/wp\/v2\/media\/108477"}],"wp:attachment":[{"href":"https:\/\/anacleta.com.ar\/es_es\/wp-json\/wp\/v2\/media?parent=108471"}],"wp:term":[{"taxonomy":"product_brand","embeddable":true,"href":"https:\/\/anacleta.com.ar\/es_es\/wp-json\/wp\/v2\/product_brand?post=108471"},{"taxonomy":"product_cat","embeddable":true,"href":"https:\/\/anacleta.com.ar\/es_es\/wp-json\/wp\/v2\/product_cat?post=108471"},{"taxonomy":"product_tag","embeddable":true,"href":"https:\/\/anacleta.com.ar\/es_es\/wp-json\/wp\/v2\/product_tag?post=108471"}],"curies":[{"name":"wp","href":"https:\/\/api.w.org\/{rel}","templated":true}]}}