{"id":108495,"date":"2026-03-12T19:52:44","date_gmt":"2026-03-12T22:52:44","guid":{"rendered":"https:\/\/anacleta.com.ar\/?post_type=product&#038;p=108495"},"modified":"2026-04-23T10:30:42","modified_gmt":"2026-04-23T13:30:42","slug":"remera-rat-rod-483","status":"publish","type":"product","link":"https:\/\/anacleta.com.ar\/es_es\/producto\/remera-rat-rod-483\/","title":{"rendered":"Remera Rat Rod 483"},"content":{"rendered":"","protected":false},"excerpt":{"rendered":"<p>Remera mangas cortas, de calce regular. Confeccionada en jersey de algod\u00f3n con ribb al tono. Estampada en delantero y espalda. Prenda con proceso de color te\u00f1ido. Nacho est\u00e1 usando en la prenda superior un talle M, y en la prenda inferior un talle S\/30. Su altura es de 1.85 m.<\/p>\n","protected":false},"featured_media":108500,"template":"","meta":[],"product_brand":[494],"product_cat":[129],"product_tag":[110],"class_list":{"0":"post-108495","1":"product","2":"type-product","3":"status-publish","4":"has-post-thumbnail","6":"product_brand-herencia","7":"product_cat-remeras","8":"product_tag-herencia-custom-garage","10":"first","11":"instock","12":"shipping-taxable","13":"purchasable","14":"product-type-variable"},"_links":{"self":[{"href":"https:\/\/anacleta.com.ar\/es_es\/wp-json\/wp\/v2\/product\/108495","targetHints":{"allow":["GET"]}}],"collection":[{"href":"https:\/\/anacleta.com.ar\/es_es\/wp-json\/wp\/v2\/product"}],"about":[{"href":"https:\/\/anacleta.com.ar\/es_es\/wp-json\/wp\/v2\/types\/product"}],"wp:featuredmedia":[{"embeddable":true,"href":"https:\/\/anacleta.com.ar\/es_es\/wp-json\/wp\/v2\/media\/108500"}],"wp:attachment":[{"href":"https:\/\/anacleta.com.ar\/es_es\/wp-json\/wp\/v2\/media?parent=108495"}],"wp:term":[{"taxonomy":"product_brand","embeddable":true,"href":"https:\/\/anacleta.com.ar\/es_es\/wp-json\/wp\/v2\/product_brand?post=108495"},{"taxonomy":"product_cat","embeddable":true,"href":"https:\/\/anacleta.com.ar\/es_es\/wp-json\/wp\/v2\/product_cat?post=108495"},{"taxonomy":"product_tag","embeddable":true,"href":"https:\/\/anacleta.com.ar\/es_es\/wp-json\/wp\/v2\/product_tag?post=108495"}],"curies":[{"name":"wp","href":"https:\/\/api.w.org\/{rel}","templated":true}]}}