{"id":108527,"date":"2026-03-12T20:06:25","date_gmt":"2026-03-12T23:06:25","guid":{"rendered":"https:\/\/anacleta.com.ar\/?post_type=product&#038;p=108527"},"modified":"2026-03-12T20:06:25","modified_gmt":"2026-03-12T23:06:25","slug":"camisa-garage-hcg","status":"publish","type":"product","link":"https:\/\/anacleta.com.ar\/es_es\/producto\/camisa-garage-hcg\/","title":{"rendered":"Camisa Garage HCG"},"content":{"rendered":"","protected":false},"excerpt":{"rendered":"<p>La camisa garage HCG tiene un calce regular, bolsillos con tapa y avios marcarios. Est\u00e1 confeccionada en viyela 100% algod\u00f3n. Luigi est\u00e1 usando en la prenda superior un talle M, y en la prenda inferior un talle S\/30. Su altura es de 1.78 m.<\/p>\n","protected":false},"featured_media":108532,"template":"","meta":[],"product_brand":[494],"product_cat":[184],"product_tag":[110],"class_list":{"0":"post-108527","1":"product","2":"type-product","3":"status-publish","4":"has-post-thumbnail","6":"product_brand-herencia","7":"product_cat-camisas","8":"product_tag-herencia-custom-garage","10":"first","11":"instock","12":"shipping-taxable","13":"purchasable","14":"product-type-variable"},"_links":{"self":[{"href":"https:\/\/anacleta.com.ar\/es_es\/wp-json\/wp\/v2\/product\/108527","targetHints":{"allow":["GET"]}}],"collection":[{"href":"https:\/\/anacleta.com.ar\/es_es\/wp-json\/wp\/v2\/product"}],"about":[{"href":"https:\/\/anacleta.com.ar\/es_es\/wp-json\/wp\/v2\/types\/product"}],"wp:featuredmedia":[{"embeddable":true,"href":"https:\/\/anacleta.com.ar\/es_es\/wp-json\/wp\/v2\/media\/108532"}],"wp:attachment":[{"href":"https:\/\/anacleta.com.ar\/es_es\/wp-json\/wp\/v2\/media?parent=108527"}],"wp:term":[{"taxonomy":"product_brand","embeddable":true,"href":"https:\/\/anacleta.com.ar\/es_es\/wp-json\/wp\/v2\/product_brand?post=108527"},{"taxonomy":"product_cat","embeddable":true,"href":"https:\/\/anacleta.com.ar\/es_es\/wp-json\/wp\/v2\/product_cat?post=108527"},{"taxonomy":"product_tag","embeddable":true,"href":"https:\/\/anacleta.com.ar\/es_es\/wp-json\/wp\/v2\/product_tag?post=108527"}],"curies":[{"name":"wp","href":"https:\/\/api.w.org\/{rel}","templated":true}]}}