{"id":108553,"date":"2026-03-12T20:16:53","date_gmt":"2026-03-12T23:16:53","guid":{"rendered":"https:\/\/anacleta.com.ar\/?post_type=product&#038;p=108553"},"modified":"2026-03-18T10:53:05","modified_gmt":"2026-03-18T13:53:05","slug":"camisa-aston-win","status":"publish","type":"product","link":"https:\/\/anacleta.com.ar\/es_es\/producto\/camisa-aston-win\/","title":{"rendered":"Camisa Aston Win"},"content":{"rendered":"","protected":false},"excerpt":{"rendered":"<p>La camisa aston win estilo western, calce slim, bolsillos con tapa y broches en cartera, pu\u00f1os y bolsillo. Est\u00e1 confeccionada en viyela 100% algod\u00f3n. Nacho est\u00e1 usando en la prenda superior un talle M, y en la prenda inferior un talle S\/30. Su altura es de 1.85 m.<\/p>\n","protected":false},"featured_media":108558,"template":"","meta":[],"product_brand":[494],"product_cat":[184],"product_tag":[110],"class_list":{"0":"post-108553","1":"product","2":"type-product","3":"status-publish","4":"has-post-thumbnail","6":"product_brand-herencia","7":"product_cat-camisas","8":"product_tag-herencia-custom-garage","10":"first","11":"instock","12":"shipping-taxable","13":"purchasable","14":"product-type-variable"},"_links":{"self":[{"href":"https:\/\/anacleta.com.ar\/es_es\/wp-json\/wp\/v2\/product\/108553","targetHints":{"allow":["GET"]}}],"collection":[{"href":"https:\/\/anacleta.com.ar\/es_es\/wp-json\/wp\/v2\/product"}],"about":[{"href":"https:\/\/anacleta.com.ar\/es_es\/wp-json\/wp\/v2\/types\/product"}],"wp:featuredmedia":[{"embeddable":true,"href":"https:\/\/anacleta.com.ar\/es_es\/wp-json\/wp\/v2\/media\/108558"}],"wp:attachment":[{"href":"https:\/\/anacleta.com.ar\/es_es\/wp-json\/wp\/v2\/media?parent=108553"}],"wp:term":[{"taxonomy":"product_brand","embeddable":true,"href":"https:\/\/anacleta.com.ar\/es_es\/wp-json\/wp\/v2\/product_brand?post=108553"},{"taxonomy":"product_cat","embeddable":true,"href":"https:\/\/anacleta.com.ar\/es_es\/wp-json\/wp\/v2\/product_cat?post=108553"},{"taxonomy":"product_tag","embeddable":true,"href":"https:\/\/anacleta.com.ar\/es_es\/wp-json\/wp\/v2\/product_tag?post=108553"}],"curies":[{"name":"wp","href":"https:\/\/api.w.org\/{rel}","templated":true}]}}