{"id":108588,"date":"2026-03-13T12:56:16","date_gmt":"2026-03-13T15:56:16","guid":{"rendered":"https:\/\/anacleta.com.ar\/?post_type=product&#038;p=108588"},"modified":"2026-03-13T12:56:16","modified_gmt":"2026-03-13T15:56:16","slug":"campera-gamuza-cunningham","status":"publish","type":"product","link":"https:\/\/anacleta.com.ar\/es_es\/producto\/campera-gamuza-cunningham\/","title":{"rendered":"Campera Gamuza Cunningham"},"content":{"rendered":"","protected":false},"excerpt":{"rendered":"<p data-path-to-node=\"2\">Presentamos la Campera Cunningham. Confeccionada en gamuza s\u00faper suave elastizada, con forrer\u00eda en jersey 16\/1 de algod\u00f3n, esta pieza de calce regular ofrece estructura y confort. De inspiraci\u00f3n cowboy, destaca por una l\u00ednea de hombros definida y canes\u00fa delantero y trasero. Incorpora cierres met\u00e1licos en las mangas y bordados exclusivos en el frente y la espalda, llevando el estilo western a otro nivel. Como sello de identidad, se suma una peque\u00f1a barra met\u00e1lica en el bolsillo con el logo de Harvey.<\/p>\n","protected":false},"featured_media":108592,"template":"","meta":[],"product_brand":[496],"product_cat":[148],"product_tag":[497],"class_list":{"0":"post-108588","1":"product","2":"type-product","3":"status-publish","4":"has-post-thumbnail","6":"product_brand-harvey","7":"product_cat-sacos-y-camperas","8":"product_tag-harvey","10":"first","11":"instock","12":"shipping-taxable","13":"purchasable","14":"product-type-variable"},"_links":{"self":[{"href":"https:\/\/anacleta.com.ar\/es_es\/wp-json\/wp\/v2\/product\/108588","targetHints":{"allow":["GET"]}}],"collection":[{"href":"https:\/\/anacleta.com.ar\/es_es\/wp-json\/wp\/v2\/product"}],"about":[{"href":"https:\/\/anacleta.com.ar\/es_es\/wp-json\/wp\/v2\/types\/product"}],"wp:featuredmedia":[{"embeddable":true,"href":"https:\/\/anacleta.com.ar\/es_es\/wp-json\/wp\/v2\/media\/108592"}],"wp:attachment":[{"href":"https:\/\/anacleta.com.ar\/es_es\/wp-json\/wp\/v2\/media?parent=108588"}],"wp:term":[{"taxonomy":"product_brand","embeddable":true,"href":"https:\/\/anacleta.com.ar\/es_es\/wp-json\/wp\/v2\/product_brand?post=108588"},{"taxonomy":"product_cat","embeddable":true,"href":"https:\/\/anacleta.com.ar\/es_es\/wp-json\/wp\/v2\/product_cat?post=108588"},{"taxonomy":"product_tag","embeddable":true,"href":"https:\/\/anacleta.com.ar\/es_es\/wp-json\/wp\/v2\/product_tag?post=108588"}],"curies":[{"name":"wp","href":"https:\/\/api.w.org\/{rel}","templated":true}]}}