{"id":108605,"date":"2026-03-13T19:16:52","date_gmt":"2026-03-13T22:16:52","guid":{"rendered":"https:\/\/anacleta.com.ar\/?post_type=product&#038;p=108605"},"modified":"2026-04-17T21:03:07","modified_gmt":"2026-04-18T00:03:07","slug":"chaleco-crop-knit-black","status":"publish","type":"product","link":"https:\/\/anacleta.com.ar\/es_es\/producto\/chaleco-crop-knit-black\/","title":{"rendered":"Chaleco Crop Knit Black"},"content":{"rendered":"","protected":false},"excerpt":{"rendered":"<p data-start=\"0\" data-end=\"277\">Presentamos el Chaleco Crop Knit. Tejido en algod\u00f3n, esta pieza de calce oversize crop combina terminaciones gastadas con un proceso acid wash que aporta un acabado \u00fanico en cada prenda. El dise\u00f1o se completa con un peque\u00f1o bordado del logo a la altura del coraz\u00f3n.<\/p>\n","protected":false},"featured_media":108609,"template":"","meta":[],"product_brand":[496],"product_cat":[146],"product_tag":[497],"class_list":{"0":"post-108605","1":"product","2":"type-product","3":"status-publish","4":"has-post-thumbnail","6":"product_brand-harvey","7":"product_cat-sweaters","8":"product_tag-harvey","10":"first","11":"instock","12":"shipping-taxable","13":"purchasable","14":"product-type-variable"},"_links":{"self":[{"href":"https:\/\/anacleta.com.ar\/es_es\/wp-json\/wp\/v2\/product\/108605","targetHints":{"allow":["GET"]}}],"collection":[{"href":"https:\/\/anacleta.com.ar\/es_es\/wp-json\/wp\/v2\/product"}],"about":[{"href":"https:\/\/anacleta.com.ar\/es_es\/wp-json\/wp\/v2\/types\/product"}],"wp:featuredmedia":[{"embeddable":true,"href":"https:\/\/anacleta.com.ar\/es_es\/wp-json\/wp\/v2\/media\/108609"}],"wp:attachment":[{"href":"https:\/\/anacleta.com.ar\/es_es\/wp-json\/wp\/v2\/media?parent=108605"}],"wp:term":[{"taxonomy":"product_brand","embeddable":true,"href":"https:\/\/anacleta.com.ar\/es_es\/wp-json\/wp\/v2\/product_brand?post=108605"},{"taxonomy":"product_cat","embeddable":true,"href":"https:\/\/anacleta.com.ar\/es_es\/wp-json\/wp\/v2\/product_cat?post=108605"},{"taxonomy":"product_tag","embeddable":true,"href":"https:\/\/anacleta.com.ar\/es_es\/wp-json\/wp\/v2\/product_tag?post=108605"}],"curies":[{"name":"wp","href":"https:\/\/api.w.org\/{rel}","templated":true}]}}