{"id":108625,"date":"2026-03-13T19:31:36","date_gmt":"2026-03-13T22:31:36","guid":{"rendered":"https:\/\/anacleta.com.ar\/?post_type=product&#038;p=108625"},"modified":"2026-03-13T19:31:36","modified_gmt":"2026-03-13T22:31:36","slug":"jardinero-fine-line-black","status":"publish","type":"product","link":"https:\/\/anacleta.com.ar\/es_es\/producto\/jardinero-fine-line-black\/","title":{"rendered":"Jardinero Fine Line Black"},"content":{"rendered":"","protected":false},"excerpt":{"rendered":"<p data-path-to-node=\"2\">Presentamos el Jardinero Fine Line. Confeccionado en un corderoy, brinda una consistencia s\u00f3lida y un dise\u00f1o vers\u00e1til que resiste el uso diario sin perder su forma. Su dise\u00f1o de corte amplio destaca por un bordado distintivo a contratono en el bolsillo delantero. Completando con una barra de metal grabada Harvey.<\/p>\n","protected":false},"featured_media":108630,"template":"","meta":[],"product_brand":[496],"product_cat":[134],"product_tag":[497],"class_list":{"0":"post-108625","1":"product","2":"type-product","3":"status-publish","4":"has-post-thumbnail","6":"product_brand-harvey","7":"product_cat-pantalones","8":"product_tag-harvey","10":"first","11":"instock","12":"shipping-taxable","13":"purchasable","14":"product-type-variable"},"_links":{"self":[{"href":"https:\/\/anacleta.com.ar\/es_es\/wp-json\/wp\/v2\/product\/108625","targetHints":{"allow":["GET"]}}],"collection":[{"href":"https:\/\/anacleta.com.ar\/es_es\/wp-json\/wp\/v2\/product"}],"about":[{"href":"https:\/\/anacleta.com.ar\/es_es\/wp-json\/wp\/v2\/types\/product"}],"wp:featuredmedia":[{"embeddable":true,"href":"https:\/\/anacleta.com.ar\/es_es\/wp-json\/wp\/v2\/media\/108630"}],"wp:attachment":[{"href":"https:\/\/anacleta.com.ar\/es_es\/wp-json\/wp\/v2\/media?parent=108625"}],"wp:term":[{"taxonomy":"product_brand","embeddable":true,"href":"https:\/\/anacleta.com.ar\/es_es\/wp-json\/wp\/v2\/product_brand?post=108625"},{"taxonomy":"product_cat","embeddable":true,"href":"https:\/\/anacleta.com.ar\/es_es\/wp-json\/wp\/v2\/product_cat?post=108625"},{"taxonomy":"product_tag","embeddable":true,"href":"https:\/\/anacleta.com.ar\/es_es\/wp-json\/wp\/v2\/product_tag?post=108625"}],"curies":[{"name":"wp","href":"https:\/\/api.w.org\/{rel}","templated":true}]}}