{"id":108668,"date":"2026-03-14T10:59:23","date_gmt":"2026-03-14T13:59:23","guid":{"rendered":"https:\/\/anacleta.com.ar\/?post_type=product&#038;p=108668"},"modified":"2026-04-02T10:59:24","modified_gmt":"2026-04-02T13:59:24","slug":"micro-short-lace-up-brown","status":"publish","type":"product","link":"https:\/\/anacleta.com.ar\/es_es\/producto\/micro-short-lace-up-brown\/","title":{"rendered":"Micro Short Lace Up Brown"},"content":{"rendered":"","protected":false},"excerpt":{"rendered":"<p data-path-to-node=\"0\">Presentamos el Micro Short Lace Up. Elaborado en gamuza de poli\u00e9ster con un calce super fit y tiro super bajo, este modelo se distingue por su detalle frontal con cordones. El dise\u00f1o integra bolsillos y pasacintos con av\u00edos met\u00e1licos en contraste, grabados Harvey &amp; Willy&#8217;s.<\/p>\n","protected":false},"featured_media":108672,"template":"","meta":[],"product_brand":[496],"product_cat":[274],"product_tag":[497],"class_list":{"0":"post-108668","1":"product","2":"type-product","3":"status-publish","4":"has-post-thumbnail","6":"product_brand-harvey","7":"product_cat-shorts","8":"product_tag-harvey","10":"first","11":"instock","12":"shipping-taxable","13":"purchasable","14":"product-type-variable"},"_links":{"self":[{"href":"https:\/\/anacleta.com.ar\/es_es\/wp-json\/wp\/v2\/product\/108668","targetHints":{"allow":["GET"]}}],"collection":[{"href":"https:\/\/anacleta.com.ar\/es_es\/wp-json\/wp\/v2\/product"}],"about":[{"href":"https:\/\/anacleta.com.ar\/es_es\/wp-json\/wp\/v2\/types\/product"}],"wp:featuredmedia":[{"embeddable":true,"href":"https:\/\/anacleta.com.ar\/es_es\/wp-json\/wp\/v2\/media\/108672"}],"wp:attachment":[{"href":"https:\/\/anacleta.com.ar\/es_es\/wp-json\/wp\/v2\/media?parent=108668"}],"wp:term":[{"taxonomy":"product_brand","embeddable":true,"href":"https:\/\/anacleta.com.ar\/es_es\/wp-json\/wp\/v2\/product_brand?post=108668"},{"taxonomy":"product_cat","embeddable":true,"href":"https:\/\/anacleta.com.ar\/es_es\/wp-json\/wp\/v2\/product_cat?post=108668"},{"taxonomy":"product_tag","embeddable":true,"href":"https:\/\/anacleta.com.ar\/es_es\/wp-json\/wp\/v2\/product_tag?post=108668"}],"curies":[{"name":"wp","href":"https:\/\/api.w.org\/{rel}","templated":true}]}}