{"id":108683,"date":"2026-03-14T11:08:02","date_gmt":"2026-03-14T14:08:02","guid":{"rendered":"https:\/\/anacleta.com.ar\/?post_type=product&#038;p=108683"},"modified":"2026-03-14T11:08:02","modified_gmt":"2026-03-14T14:08:02","slug":"musculosa-dua-black","status":"publish","type":"product","link":"https:\/\/anacleta.com.ar\/es_es\/producto\/musculosa-dua-black\/","title":{"rendered":"Musculosa Dua Black"},"content":{"rendered":"","protected":false},"excerpt":{"rendered":"<p data-path-to-node=\"0\">Presentamos la Musculosa Dua Black. Confeccionada en morley 24\/1 de algod\u00f3n, esta prenda tiene un calce super fit entallado que acompa\u00f1a la silueta y se adapta al cuerpo. Incorpora breteles con accesorios de cuero regulables, terminados con hebillas met\u00e1licas grabadas con el nombre de la firma, que elevan el dise\u00f1o y le suman un aire moderno a un b\u00e1sico vers\u00e1til para el uso diario.<\/p>\n","protected":false},"featured_media":108688,"template":"","meta":[],"product_brand":[496],"product_cat":[129],"product_tag":[497],"class_list":{"0":"post-108683","1":"product","2":"type-product","3":"status-publish","4":"has-post-thumbnail","6":"product_brand-harvey","7":"product_cat-remeras","8":"product_tag-harvey","10":"first","11":"instock","12":"shipping-taxable","13":"purchasable","14":"product-type-variable"},"_links":{"self":[{"href":"https:\/\/anacleta.com.ar\/es_es\/wp-json\/wp\/v2\/product\/108683","targetHints":{"allow":["GET"]}}],"collection":[{"href":"https:\/\/anacleta.com.ar\/es_es\/wp-json\/wp\/v2\/product"}],"about":[{"href":"https:\/\/anacleta.com.ar\/es_es\/wp-json\/wp\/v2\/types\/product"}],"wp:featuredmedia":[{"embeddable":true,"href":"https:\/\/anacleta.com.ar\/es_es\/wp-json\/wp\/v2\/media\/108688"}],"wp:attachment":[{"href":"https:\/\/anacleta.com.ar\/es_es\/wp-json\/wp\/v2\/media?parent=108683"}],"wp:term":[{"taxonomy":"product_brand","embeddable":true,"href":"https:\/\/anacleta.com.ar\/es_es\/wp-json\/wp\/v2\/product_brand?post=108683"},{"taxonomy":"product_cat","embeddable":true,"href":"https:\/\/anacleta.com.ar\/es_es\/wp-json\/wp\/v2\/product_cat?post=108683"},{"taxonomy":"product_tag","embeddable":true,"href":"https:\/\/anacleta.com.ar\/es_es\/wp-json\/wp\/v2\/product_tag?post=108683"}],"curies":[{"name":"wp","href":"https:\/\/api.w.org\/{rel}","templated":true}]}}