{"id":108699,"date":"2026-03-14T11:16:36","date_gmt":"2026-03-14T14:16:36","guid":{"rendered":"https:\/\/anacleta.com.ar\/?post_type=product&#038;p=108699"},"modified":"2026-03-14T11:16:36","modified_gmt":"2026-03-14T14:16:36","slug":"remera-ls-super-fit-black","status":"publish","type":"product","link":"https:\/\/anacleta.com.ar\/es_es\/producto\/remera-ls-super-fit-black\/","title":{"rendered":"Remera Ls Super Fit Black"},"content":{"rendered":"","protected":false},"excerpt":{"rendered":"<p data-path-to-node=\"0\">Presentamos la Remera Manga Larga Super Fit. Confeccionada en un morley 24\/1 de algod\u00f3n, con una textura marcada y ajuste c\u00f3modo. Lleva el nombre de la firma bordado a tono en el frente y como detalle lleva una barra personalizada de met\u00e1l grabada con el nombre de la marca.\u00a0Su calce super fit est\u00e1 pensado para acompa\u00f1ar la silueta y quedar ajustado al cuerpo, ideal para usar sola o como primera capa en looks m\u00e1s armados.<\/p>\n","protected":false},"featured_media":108706,"template":"","meta":[],"product_brand":[496],"product_cat":[129],"product_tag":[497],"class_list":{"0":"post-108699","1":"product","2":"type-product","3":"status-publish","4":"has-post-thumbnail","6":"product_brand-harvey","7":"product_cat-remeras","8":"product_tag-harvey","10":"first","11":"instock","12":"shipping-taxable","13":"purchasable","14":"product-type-variable"},"_links":{"self":[{"href":"https:\/\/anacleta.com.ar\/es_es\/wp-json\/wp\/v2\/product\/108699","targetHints":{"allow":["GET"]}}],"collection":[{"href":"https:\/\/anacleta.com.ar\/es_es\/wp-json\/wp\/v2\/product"}],"about":[{"href":"https:\/\/anacleta.com.ar\/es_es\/wp-json\/wp\/v2\/types\/product"}],"wp:featuredmedia":[{"embeddable":true,"href":"https:\/\/anacleta.com.ar\/es_es\/wp-json\/wp\/v2\/media\/108706"}],"wp:attachment":[{"href":"https:\/\/anacleta.com.ar\/es_es\/wp-json\/wp\/v2\/media?parent=108699"}],"wp:term":[{"taxonomy":"product_brand","embeddable":true,"href":"https:\/\/anacleta.com.ar\/es_es\/wp-json\/wp\/v2\/product_brand?post=108699"},{"taxonomy":"product_cat","embeddable":true,"href":"https:\/\/anacleta.com.ar\/es_es\/wp-json\/wp\/v2\/product_cat?post=108699"},{"taxonomy":"product_tag","embeddable":true,"href":"https:\/\/anacleta.com.ar\/es_es\/wp-json\/wp\/v2\/product_tag?post=108699"}],"curies":[{"name":"wp","href":"https:\/\/api.w.org\/{rel}","templated":true}]}}