{"id":108723,"date":"2026-03-14T11:25:22","date_gmt":"2026-03-14T14:25:22","guid":{"rendered":"https:\/\/anacleta.com.ar\/?post_type=product&#038;p=108723"},"modified":"2026-03-14T11:25:22","modified_gmt":"2026-03-14T14:25:22","slug":"top-ls-spiderweb-black","status":"publish","type":"product","link":"https:\/\/anacleta.com.ar\/es_es\/producto\/top-ls-spiderweb-black\/","title":{"rendered":"Top Ls Spiderweb Black"},"content":{"rendered":"","protected":false},"excerpt":{"rendered":"<p data-path-to-node=\"0\">Presentamos el Top LS Spiderweb. Elaborado en una delicada red con lentejuelas de poli\u00e9ster, esta pieza presenta una silueta super fit de mangas largas y terminaci\u00f3n corta por encima del busto. Es un dise\u00f1o pensado para complementar y elevar propuestas nocturnas, aportando un brillo sofisticado y transparencia.<\/p>\n","protected":false},"featured_media":108726,"template":"","meta":[],"product_brand":[496],"product_cat":[181],"product_tag":[497],"class_list":{"0":"post-108723","1":"product","2":"type-product","3":"status-publish","4":"has-post-thumbnail","6":"product_brand-harvey","7":"product_cat-tops","8":"product_tag-harvey","10":"first","11":"instock","12":"shipping-taxable","13":"purchasable","14":"product-type-variable"},"_links":{"self":[{"href":"https:\/\/anacleta.com.ar\/es_es\/wp-json\/wp\/v2\/product\/108723","targetHints":{"allow":["GET"]}}],"collection":[{"href":"https:\/\/anacleta.com.ar\/es_es\/wp-json\/wp\/v2\/product"}],"about":[{"href":"https:\/\/anacleta.com.ar\/es_es\/wp-json\/wp\/v2\/types\/product"}],"wp:featuredmedia":[{"embeddable":true,"href":"https:\/\/anacleta.com.ar\/es_es\/wp-json\/wp\/v2\/media\/108726"}],"wp:attachment":[{"href":"https:\/\/anacleta.com.ar\/es_es\/wp-json\/wp\/v2\/media?parent=108723"}],"wp:term":[{"taxonomy":"product_brand","embeddable":true,"href":"https:\/\/anacleta.com.ar\/es_es\/wp-json\/wp\/v2\/product_brand?post=108723"},{"taxonomy":"product_cat","embeddable":true,"href":"https:\/\/anacleta.com.ar\/es_es\/wp-json\/wp\/v2\/product_cat?post=108723"},{"taxonomy":"product_tag","embeddable":true,"href":"https:\/\/anacleta.com.ar\/es_es\/wp-json\/wp\/v2\/product_tag?post=108723"}],"curies":[{"name":"wp","href":"https:\/\/api.w.org\/{rel}","templated":true}]}}