{"id":108750,"date":"2026-03-14T11:40:57","date_gmt":"2026-03-14T14:40:57","guid":{"rendered":"https:\/\/anacleta.com.ar\/?post_type=product&#038;p=108750"},"modified":"2026-04-02T11:17:34","modified_gmt":"2026-04-02T14:17:34","slug":"vestido-mini-suede-brown","status":"publish","type":"product","link":"https:\/\/anacleta.com.ar\/es_es\/producto\/vestido-mini-suede-brown\/","title":{"rendered":"Vestido Mini Suede Brown"},"content":{"rendered":"","protected":false},"excerpt":{"rendered":"<p data-path-to-node=\"0\">Presentamos el Vestido Mini Suede. Confeccionado en gamuza con forrer\u00eda de jersey 24\/1 de algod\u00f3n, este dise\u00f1o de calce fit se caracteriza por su espalda abierta y su largo mini. Su silueta acompa\u00f1a el cuerpo y se amolda a la figura, logrando un look definido y c\u00f3modo. Como detalle final, incorpora bordado a tono del logo en el ruedo delantero.<\/p>\n","protected":false},"featured_media":108753,"template":"","meta":[],"product_brand":[496],"product_cat":[130],"product_tag":[497],"class_list":{"0":"post-108750","1":"product","2":"type-product","3":"status-publish","4":"has-post-thumbnail","6":"product_brand-harvey","7":"product_cat-vestidos-y-faldas","8":"product_tag-harvey","10":"first","11":"instock","12":"shipping-taxable","13":"purchasable","14":"product-type-variable"},"_links":{"self":[{"href":"https:\/\/anacleta.com.ar\/es_es\/wp-json\/wp\/v2\/product\/108750","targetHints":{"allow":["GET"]}}],"collection":[{"href":"https:\/\/anacleta.com.ar\/es_es\/wp-json\/wp\/v2\/product"}],"about":[{"href":"https:\/\/anacleta.com.ar\/es_es\/wp-json\/wp\/v2\/types\/product"}],"wp:featuredmedia":[{"embeddable":true,"href":"https:\/\/anacleta.com.ar\/es_es\/wp-json\/wp\/v2\/media\/108753"}],"wp:attachment":[{"href":"https:\/\/anacleta.com.ar\/es_es\/wp-json\/wp\/v2\/media?parent=108750"}],"wp:term":[{"taxonomy":"product_brand","embeddable":true,"href":"https:\/\/anacleta.com.ar\/es_es\/wp-json\/wp\/v2\/product_brand?post=108750"},{"taxonomy":"product_cat","embeddable":true,"href":"https:\/\/anacleta.com.ar\/es_es\/wp-json\/wp\/v2\/product_cat?post=108750"},{"taxonomy":"product_tag","embeddable":true,"href":"https:\/\/anacleta.com.ar\/es_es\/wp-json\/wp\/v2\/product_tag?post=108750"}],"curies":[{"name":"wp","href":"https:\/\/api.w.org\/{rel}","templated":true}]}}