{"id":108848,"date":"2026-03-14T13:07:23","date_gmt":"2026-03-14T16:07:23","guid":{"rendered":"https:\/\/anacleta.com.ar\/?post_type=product&#038;p=108848"},"modified":"2026-03-14T13:07:23","modified_gmt":"2026-03-14T16:07:23","slug":"camisa-bilbao-2","status":"publish","type":"product","link":"https:\/\/anacleta.com.ar\/es_es\/producto\/camisa-bilbao-2\/","title":{"rendered":"Camisa Bilbao"},"content":{"rendered":"","protected":false},"excerpt":{"rendered":"<p>Camisa Bilbao confeccionada en poplin, de largo hasta la cadera y mangas largas. Presenta botones dorados de media esfera en el delantero y en los pu\u00f1os, que aportan un detalle elegante y distintivo.<\/p>\n<p>Composici\u00f3n: 65% Poli\u00e9ster 35% Algod\u00f3n<\/p>\n<p>Referencia modelo Victoria: Altura 1,73 Talle: 1<\/p>\n","protected":false},"featured_media":108850,"template":"","meta":[],"product_brand":[480],"product_cat":[184],"product_tag":[112],"class_list":{"0":"post-108848","1":"product","2":"type-product","3":"status-publish","4":"has-post-thumbnail","6":"product_brand-jazmin-chebar","7":"product_cat-camisas","8":"product_tag-jazmin-chebar","10":"first","11":"instock","12":"shipping-taxable","13":"purchasable","14":"product-type-variable"},"_links":{"self":[{"href":"https:\/\/anacleta.com.ar\/es_es\/wp-json\/wp\/v2\/product\/108848","targetHints":{"allow":["GET"]}}],"collection":[{"href":"https:\/\/anacleta.com.ar\/es_es\/wp-json\/wp\/v2\/product"}],"about":[{"href":"https:\/\/anacleta.com.ar\/es_es\/wp-json\/wp\/v2\/types\/product"}],"wp:featuredmedia":[{"embeddable":true,"href":"https:\/\/anacleta.com.ar\/es_es\/wp-json\/wp\/v2\/media\/108850"}],"wp:attachment":[{"href":"https:\/\/anacleta.com.ar\/es_es\/wp-json\/wp\/v2\/media?parent=108848"}],"wp:term":[{"taxonomy":"product_brand","embeddable":true,"href":"https:\/\/anacleta.com.ar\/es_es\/wp-json\/wp\/v2\/product_brand?post=108848"},{"taxonomy":"product_cat","embeddable":true,"href":"https:\/\/anacleta.com.ar\/es_es\/wp-json\/wp\/v2\/product_cat?post=108848"},{"taxonomy":"product_tag","embeddable":true,"href":"https:\/\/anacleta.com.ar\/es_es\/wp-json\/wp\/v2\/product_tag?post=108848"}],"curies":[{"name":"wp","href":"https:\/\/api.w.org\/{rel}","templated":true}]}}